{"id":102836,"date":"2023-12-13T10:40:48","date_gmt":"2023-12-13T10:40:48","guid":{"rendered":"https:\/\/gesanproduction.it\/durabilite\/"},"modified":"2024-10-09T09:33:23","modified_gmt":"2024-10-09T09:33:23","slug":"durabilite","status":"publish","type":"page","link":"https:\/\/gesanproduction.it\/fr\/durabilite\/","title":{"rendered":"Durabilit\u00e9"},"content":{"rendered":"<p><div class=\"et_d4_element et_pb_section et_pb_section_0  et_pb_css_mix_blend_mode et_section_regular et_block_section\" >\n\t\t\t\t\n\t\t\t\t\n\t\t\t\t\n\t\t\t\t\n\t\t\t\t\n\t\t\t\t\n\t\t\t\t<div class=\"et_d4_element et_pb_row et_pb_row_0  et_pb_css_mix_blend_mode et_block_row\">\n\t\t\t\t<div class=\"et_d4_element et_pb_column_4_4 et_pb_column et_pb_column_0  et_pb_css_mix_blend_mode et-last-child et_block_column\">\n\t\t\t\t\n\t\t\t\t\n\t\t\t\t\n\t\t\t\t\n\t\t\t\t<div class=\"et_pb_module et_d4_element et_pb_blurb et_pb_blurb_0  et_pb_text_align_left  et_pb_blurb_position_top et_block_module et_pb_bg_layout_light\">\n\t\t\t\t\n\t\t\t\t\n\t\t\t\t\n\t\t\t\t\n\t\t\t\t<div class=\"et_pb_blurb_content\">\n\t\t\t\t\t\n\t\t\t\t\t<div class=\"et_pb_blurb_container\">\n\t\t\t\t\t\t<h4 class=\"et_pb_module_header\"><span> \/\/ Durabilit\u00e9<\/span><\/h4>\n\t\t\t\t\t\t<div class=\"et_pb_blurb_description\"><p>PROJET SMILING<\/p><\/div>\n\t\t\t\t\t<\/div>\n\t\t\t\t<\/div>\n\t\t\t<\/div><div class=\"et_pb_module et_d4_element et_pb_text et_pb_text_0  et_pb_text_align_left et_pb_bg_layout_light\">\n\t\t\t\t\n\t\t\t\t\n\t\t\t\t\n\t\t\t\t\n\t\t\t\t<div class=\"et_pb_text_inner\"><h3><strong>Recherche et innovation chez Gesan Production avec des projets financ\u00e9s par la R\u00e9gion Sicilienne \u00e0 travers le programme PO FEDER 2014-2020.<\/strong><\/h3>\n<p><strong><em>Le conseiller r\u00e9gional pour les activit\u00e9s de production Mimmo Turano, qui a visit\u00e9 notre usine de production, a \u00e9galement soulign\u00e9 l'importance de l'innovation au service du bien-\u00eatre de la communaut\u00e9.<\/em><\/strong><\/p>\n<p>La recherche, la production et la commercialisation sont les points forts de notre entreprise, et les projets Smiling et Gesanbiotecno sont une excellente occasion de valoriser le concept d'int\u00e9gration entre l'homme, l'environnement et la technologie.<\/p>\n<p>Chez Gesan, le d\u00e9partement de Recherche et D\u00e9veloppement est un atout fondamental pour les activit\u00e9s de l'entreprise et toutes les activit\u00e9s sont constamment orient\u00e9es vers la production et la distribution de produits innovants du point de vue de la durabilit\u00e9 clinique et environnementale. Tous les processus de production de notre usine sont ax\u00e9s sur l'\u00e9conomie d'eau, l'utilisation de sources renouvelables, la gestion ad\u00e9quate des d\u00e9chets et, en g\u00e9n\u00e9ral, le respect de l'environnement et des ressources naturelles. <\/p>\n<p><span>Le<\/span> <a href=\"https:\/\/progettosmiling.it\/it\/\" rel=\"noopener\" target=\"_blank\">projet Smiling<\/a> <span>permettra<\/span> de d\u00e9velopper une nouvelle formulation pour les nutraceutiques et les cosm\u00e9tiques \u00e0 partir du mo\u00fbt de raisin et de l'huile de p\u00e9pins de raisin, issus de raisins biologiques indig\u00e8nes.<\/p>\n<p>Le projet Gesanbiotecno, par contre, pr\u00e9voit la cr\u00e9ation d'un laboratoire biotechnologique \u00ab intelligent \u00bb pour des diagnostics pr\u00e9coces innovants dans le domaine de l'oncologie. <br \/>L'installation et le bon fonctionnement du laboratoire suivront l'extension du b\u00e2timent que l'entreprise est en train de r\u00e9aliser, au cours de ces derniers mois. <\/p>\n<p>Gr\u00e2ce \u00e0 ces deux projets, il sera possible de renouveler une partie de l'instrumentation utilis\u00e9e dans nos laboratoires, d'int\u00e9grer du personnel aux comp\u00e9tences transversales et de mettre en place des syst\u00e8mes tr\u00e8s polyvalents.<\/p>\n<p>Chez Gesan Production, nous sommes pr\u00eats \u00e0 relever ces nouveaux d\u00e9fis et \u00e0 tester le potentiel de l'entreprise en explorant de nouvelles voies. Nous consid\u00e9rons ces opportunit\u00e9s comme un puissant stimulant pour la croissance de l'entreprise, gr\u00e2ce \u00e9galement \u00e0 la collaboration avec des entreprises et des institutions autres que les n\u00f4tres, dans une optique d'int\u00e9gration et de partage du know-how. D'un point de vue strictement commercial, les projets pourraient nous conduire \u00e0 une augmentation de la comp\u00e9titivit\u00e9 de l'entreprise et \u00e0 la cr\u00e9ation potentielle de nouveaux emplois. D'un point de vue strictement commercial, les projets pourraient nous conduire \u00e0 une augmentation de la comp\u00e9titivit\u00e9 de l'entreprise et \u00e0 la cr\u00e9ation potentielle de nouveaux emplois. D'un point de vue social, ils favoriseront la production, la diffusion et la commercialisation de dispositifs m\u00e9dicaux et de produits cosm\u00e9tiques ayant un faible impact sur l'environnement et s'inscrivant pleinement dans notre concept de responsabilit\u00e9 sociale des entreprises.   <\/p>\n<p>Plus d'informations su<span>r<\/span> <a href=\"https:\/\/progettosmiling.it\/it\/\" rel=\"noopener\" target=\"_blank\">progettosmiling.it<\/a><\/p><\/div>\n\t\t\t<\/div>\n\t\t\t<\/div>\n\t\t\t\t\n\t\t\t\t\n\t\t\t\t\n\t\t\t\t\n\t\t\t<\/div>\n\t\t\t\t\n\t\t\t\t\n\t\t\t<\/div><div class=\"et_d4_element et_pb_section et_pb_section_1  et_pb_css_mix_blend_mode et_pb_fullwidth_section et_section_regular et_block_section\" >\n\t\t\t\t\n\t\t\t\t\n\t\t\t\t\n\t\t\t\t\n\t\t\t\t\n\t\t\t\t\n\t\t\t\t<div class=\"et_pb_module et_d4_element et_pb_fullwidth_image et_pb_fullwidth_image_0\">\n\t\t\t\t\n\t\t\t\t\n\t\t\t\t\n\t\t\t\t\n\t\t\t\t<img loading=\"lazy\" decoding=\"async\" width=\"1200\" height=\"675\" src=\"https:\/\/gesanproduction.it\/wp-content\/uploads\/2023\/12\/GESAN-SMILING.jpg\" alt=\"\" title=\"GESAN SMILING\" srcset=\"https:\/\/gesanproduction.it\/wp-content\/uploads\/2023\/12\/GESAN-SMILING.jpg 1200w, https:\/\/gesanproduction.it\/wp-content\/uploads\/2023\/12\/GESAN-SMILING-980x551.jpg 980w, https:\/\/gesanproduction.it\/wp-content\/uploads\/2023\/12\/GESAN-SMILING-480x270.jpg 480w\" sizes=\"(min-width: 0px) and (max-width: 480px) 480px, (min-width: 481px) and (max-width: 980px) 980px, (min-width: 981px) 1200px, 100vw\" class=\"wp-image-100697\">\n\t\t\t\n\t\t\t<\/div>\n\t\t\t\t\n\t\t\t\t\n\t\t\t<\/div><\/p>\n","protected":false},"excerpt":{"rendered":"<p>La recherche, la production et la commercialisation sont les points forts de notre entreprise, et les projets Smiling et Gesanbiotecno sont une excellente occasion de valoriser le concept d&rsquo;int\u00e9gration entre l&rsquo;homme, l&rsquo;environnement et la technologie.<\/p>\n","protected":false},"author":1,"featured_media":102837,"parent":0,"menu_order":0,"comment_status":"closed","ping_status":"closed","template":"","meta":{"_et_pb_use_builder":"on","_et_pb_old_content":"","_et_gb_content_width":"","footnotes":""},"class_list":["post-102836","page","type-page","status-publish","has-post-thumbnail","hentry"],"_links":{"self":[{"href":"https:\/\/gesanproduction.it\/fr\/wp-json\/wp\/v2\/pages\/102836","targetHints":{"allow":["GET"]}}],"collection":[{"href":"https:\/\/gesanproduction.it\/fr\/wp-json\/wp\/v2\/pages"}],"about":[{"href":"https:\/\/gesanproduction.it\/fr\/wp-json\/wp\/v2\/types\/page"}],"author":[{"embeddable":true,"href":"https:\/\/gesanproduction.it\/fr\/wp-json\/wp\/v2\/users\/1"}],"replies":[{"embeddable":true,"href":"https:\/\/gesanproduction.it\/fr\/wp-json\/wp\/v2\/comments?post=102836"}],"version-history":[{"count":2,"href":"https:\/\/gesanproduction.it\/fr\/wp-json\/wp\/v2\/pages\/102836\/revisions"}],"predecessor-version":[{"id":102839,"href":"https:\/\/gesanproduction.it\/fr\/wp-json\/wp\/v2\/pages\/102836\/revisions\/102839"}],"wp:featuredmedia":[{"embeddable":true,"href":"https:\/\/gesanproduction.it\/fr\/wp-json\/wp\/v2\/media\/102837"}],"wp:attachment":[{"href":"https:\/\/gesanproduction.it\/fr\/wp-json\/wp\/v2\/media?parent=102836"}],"curies":[{"name":"wp","href":"https:\/\/api.w.org\/{rel}","templated":true}]}}