{"id":102826,"date":"2024-01-23T15:55:19","date_gmt":"2024-01-23T15:55:19","guid":{"rendered":"https:\/\/gesanproduction.it\/linstrumentation\/"},"modified":"2024-10-09T09:21:18","modified_gmt":"2024-10-09T09:21:18","slug":"linstrumentation","status":"publish","type":"page","link":"https:\/\/gesanproduction.it\/fr\/linstrumentation\/","title":{"rendered":"L&rsquo;INSTRUMENTATION"},"content":{"rendered":"<p><div class=\"et_d4_element et_pb_section et_pb_section_0  et_pb_css_mix_blend_mode et_section_regular et_block_section\" >\n\t\t\t\t\n\t\t\t\t\n\t\t\t\t\n\t\t\t\t\n\t\t\t\t\n\t\t\t\t\n\t\t\t\t<div class=\"et_d4_element et_pb_row et_pb_row_0 et_pb_equal_columns et_pb_gutters3  et_pb_css_mix_blend_mode et_block_row\">\n\t\t\t\t<div class=\"et_d4_element et_pb_column_4_4 et_pb_column et_pb_column_0  et_pb_css_mix_blend_mode et-last-child et_block_column\">\n\t\t\t\t\n\t\t\t\t\n\t\t\t\t\n\t\t\t\t\n\t\t\t\t<div class=\"et_pb_module et_d4_element et_pb_text et_pb_text_0  et_pb_text_align_left et_pb_bg_layout_light\">\n\t\t\t\t\n\t\t\t\t\n\t\t\t\t\n\t\t\t\t\n\t\t\t\t<div class=\"et_pb_text_inner\"><h1 style=\"text-align: center;\">L'INSTRUMENTATION<\/h1><\/div>\n\t\t\t<\/div><div class=\"et_pb_module et_d4_element et_pb_text et_pb_text_1  et_pb_text_align_left et_pb_bg_layout_light\">\n\t\t\t\t\n\t\t\t\t\n\t\t\t\t\n\t\t\t\t\n\t\t\t\t<div class=\"et_pb_text_inner\"><p style=\"text-align: center;\">Gesan Production propose une gamme compl\u00e8te d'analyseurs de chimie clinique. La \u00ab Chem Family \u00bb est adapt\u00e9e aux besoins de chaque laboratoire, qu'il s'agisse d'un petit centre d'\u00e9chantillonnage ou d'un grand \u00e9tablissement hospitalier. Gesan propose \u00e9galement des gammes compl\u00e8tes de r\u00e9actifs pour ses instruments, avec la possibilit\u00e9 de personnaliser l'emballage en fonction des besoins sp\u00e9cifiques de ses clients.  <\/p><\/div>\n\t\t\t<\/div>\n\t\t\t<\/div>\n\t\t\t\t\n\t\t\t\t\n\t\t\t\t\n\t\t\t\t\n\t\t\t<\/div>\n\t\t\t\t\n\t\t\t\t\n\t\t\t<\/div><div class=\"et_d4_element et_pb_section et_pb_section_1 et_pb_equal_columns  et_pb_css_mix_blend_mode et_section_specialty et_block_section\" >\n\t\t\t\t\n\t\t\t\t\n\t\t\t\t\n\t\t\t\t\n\t\t\t\t\n\t\t\t\t<div class=\"et_pb_row et_block_row et_d4_element et_pb_gutters2\">\n\t\t\t\t<div class=\"et_d4_element et_pb_column_1_2 et_pb_column et_pb_column_1    et_pb_css_mix_blend_mode et_block_column\">\n\t\t\t\t\n\t\t\t\t\n\t\t\t\t\n\t\t\t\t\n\t\t\t\t<div class=\"et_pb_module et_d4_element et_pb_image et_pb_image_0 dct_img_ani\">\n\t\t\t\t\n\t\t\t\t\n\t\t\t\t\n\t\t\t\t\n\t\t\t\t<span class=\"et_pb_image_wrap has-box-shadow-overlay\"><div class=\"box-shadow-overlay\"><\/div><img loading=\"lazy\" decoding=\"async\" width=\"1200\" height=\"1200\" src=\"https:\/\/gesanproduction.it\/wp-content\/uploads\/2023\/11\/PICCOLO-CHEM-PRO.jpg\" alt=\"\" title=\"PICCOLO CHEM PRO\" srcset=\"https:\/\/gesanproduction.it\/wp-content\/uploads\/2023\/11\/PICCOLO-CHEM-PRO.jpg 1200w, https:\/\/gesanproduction.it\/wp-content\/uploads\/2023\/11\/PICCOLO-CHEM-PRO-980x980.jpg 980w, https:\/\/gesanproduction.it\/wp-content\/uploads\/2023\/11\/PICCOLO-CHEM-PRO-480x480.jpg 480w\" sizes=\"(min-width: 0px) and (max-width: 480px) 480px, (min-width: 481px) and (max-width: 980px) 980px, (min-width: 981px) 1200px, 100vw\" class=\"wp-image-100332\"><\/span>\n\t\t\t<\/div>\n\t\t\t<\/div><div class=\"et_d4_element et_pb_column_1_2 et_pb_column et_pb_column_2   et_pb_specialty_column  et_pb_css_mix_blend_mode et-last-child et_block_column\">\n\t\t\t\t\n\t\t\t\t\n\t\t\t\t\n\t\t\t\t\n\t\t\t\t<div class=\"et_d4_element et_pb_row_inner et_pb_row_inner_0  et_pb_css_mix_blend_mode et_block_row\">\n\t\t\t\t<div class=\"et_pb_column et_pb_column_4_4 et_d4_element et_pb_column_inner et_pb_column_inner_0  et_pb_css_mix_blend_mode et-last-child et_block_column\">\n\t\t\t\t\n\t\t\t\t\n\t\t\t\t\n\t\t\t\t\n\t\t\t\t<div class=\"et_pb_module et_d4_element et_pb_blurb et_pb_blurb_0  et_pb_text_align_left  et_pb_blurb_position_top et_block_module et_pb_bg_layout_light\">\n\t\t\t\t\n\t\t\t\t\n\t\t\t\t\n\t\t\t\t\n\t\t\t\t<div class=\"et_pb_blurb_content\">\n\t\t\t\t\t\n\t\t\t\t\t<div class=\"et_pb_blurb_container\">\n\t\t\t\t\t\t<h4 class=\"et_pb_module_header\"><span>FAMILY PRO<\/span><\/h4>\n\t\t\t\t\t\t<div class=\"et_pb_blurb_description\"><p>PICCOLO CHEM<\/p><\/div>\n\t\t\t\t\t<\/div>\n\t\t\t\t<\/div>\n\t\t\t<\/div><div class=\"et_pb_module et_d4_element et_pb_text et_pb_text_2  et_pb_text_align_left et_pb_bg_layout_light\">\n\t\t\t\t\n\t\t\t\t\n\t\t\t\t\n\t\t\t\t\n\t\t\t\t<div class=\"et_pb_text_inner\"><p><span>L'analyseur le plus r\u00e9cent de la famille d'instruments Gesan ne pouvait s'appeler que \u00ab Piccolo \u00bb. Sa petite taille cache un instrument au grand potentiel. L'\u00e9volution a conduit \u00e0 une interface utilisateur avec un \u00e9cran tactile et un lecteur QR CODE int\u00e9gr\u00e9s dans le corps de l'instrument.  <\/span><\/p>\n<p><span>En fait, le Piccolo Chem PRO est le plus petit analyseur de sa cat\u00e9gorie, garantissant les plus hauts niveaux de fonctionnement. <\/span><\/p><\/div>\n\t\t\t<\/div><div class=\"et_pb_button_module_wrapper et_pb_button_0_wrapper  et_pb_module \">\n\t\t\t\t<a class=\"et_pb_button et_d4_element et_pb_button_0 et_pb_bg_layout_light et_block_module\" href=\"https:\/\/gesanproduction.it\/fr\/piccolo-chem-pro\/\" data-icon=\"\uf0c3\">Fiche d&#039;information<\/a>\n\t\t\t<\/div>\n\t\t\t<\/div>\n\t\t\t\t\n\t\t\t\t\n\t\t\t\t\n\t\t\t\t\n\t\t\t<\/div>\n\t\t\t<\/div>\n\t\t\t\t<\/div>\n\t\t\t\t\n\t\t\t<\/div><div class=\"et_d4_element et_pb_section et_pb_section_2  et_pb_css_mix_blend_mode et_section_regular et_block_section\" >\n\t\t\t\t\n\t\t\t\t\n\t\t\t\t\n\t\t\t\t\n\t\t\t\t\n\t\t\t\t\n\t\t\t\t<div class=\"et_d4_element et_pb_row et_pb_row_1  et_pb_css_mix_blend_mode et_block_row\">\n\t\t\t\t<div class=\"et_d4_element et_pb_column_1_2 et_pb_column et_pb_column_3  et_pb_css_mix_blend_mode et_block_column\">\n\t\t\t\t\n\t\t\t\t\n\t\t\t\t\n\t\t\t\t\n\t\t\t\t<div class=\"et_pb_module et_d4_element et_pb_blurb et_pb_blurb_1  et_pb_text_align_left  et_pb_blurb_position_top et_block_module et_pb_bg_layout_light\">\n\t\t\t\t\n\t\t\t\t\n\t\t\t\t\n\t\t\t\t\n\t\t\t\t<div class=\"et_pb_blurb_content\">\n\t\t\t\t\t\n\t\t\t\t\t<div class=\"et_pb_blurb_container\">\n\t\t\t\t\t\t<h4 class=\"et_pb_module_header\"><span>FAMILY PRO<\/span><\/h4>\n\t\t\t\t\t\t<div class=\"et_pb_blurb_description\"><p>CHEM 200 PRO<\/p><\/div>\n\t\t\t\t\t<\/div>\n\t\t\t\t<\/div>\n\t\t\t<\/div><div class=\"et_pb_module et_d4_element et_pb_text et_pb_text_3  et_pb_text_align_left et_pb_bg_layout_light\">\n\t\t\t\t\n\t\t\t\t\n\t\t\t\t\n\t\t\t\t\n\t\t\t\t<div class=\"et_pb_text_inner\"><p><span>L'analyseur Chem 200 PRO est la solution id\u00e9ale pour les laboratoires de haute qualit\u00e9.<\/span><br \/><span>Le mat\u00e9riel et le logiciel ont \u00e9t\u00e9 test\u00e9s pour r\u00e9duire les co\u00fbts du laboratoire et simplifier le flux de travail.<\/span><br \/><span>Le Chem 200 PRO est un analyseur convivial.<\/span> <\/p><\/div>\n\t\t\t<\/div><div class=\"et_pb_button_module_wrapper et_pb_button_1_wrapper  et_pb_module \">\n\t\t\t\t<a class=\"et_pb_button et_d4_element et_pb_button_1 et_pb_bg_layout_light et_block_module\" href=\"https:\/\/gesanproduction.it\/fr\/chem-200-pro\/\" data-icon=\"\uf0c3\">Fiche d&#039;information<\/a>\n\t\t\t<\/div>\n\t\t\t<\/div><div class=\"et_d4_element et_pb_column_1_2 et_pb_column et_pb_column_4  et_pb_css_mix_blend_mode et-last-child et_block_column\">\n\t\t\t\t\n\t\t\t\t\n\t\t\t\t\n\t\t\t\t\n\t\t\t\t<div class=\"et_pb_module et_d4_element et_pb_image et_pb_image_1 dct_img_ani\">\n\t\t\t\t\n\t\t\t\t\n\t\t\t\t\n\t\t\t\t\n\t\t\t\t<span class=\"et_pb_image_wrap has-box-shadow-overlay\"><div class=\"box-shadow-overlay\"><\/div><img loading=\"lazy\" decoding=\"async\" width=\"1080\" height=\"1080\" src=\"https:\/\/gesanproduction.it\/wp-content\/uploads\/2024\/01\/chem-200-pro.jpg\" alt=\"\" title=\"chem 200 pro\" srcset=\"https:\/\/gesanproduction.it\/wp-content\/uploads\/2024\/01\/chem-200-pro.jpg 1080w, https:\/\/gesanproduction.it\/wp-content\/uploads\/2024\/01\/chem-200-pro-980x980.jpg 980w, https:\/\/gesanproduction.it\/wp-content\/uploads\/2024\/01\/chem-200-pro-480x480.jpg 480w\" sizes=\"(min-width: 0px) and (max-width: 480px) 480px, (min-width: 481px) and (max-width: 980px) 980px, (min-width: 981px) 1080px, 100vw\" class=\"wp-image-100900\"><\/span>\n\t\t\t<\/div>\n\t\t\t<\/div>\n\t\t\t\t\n\t\t\t\t\n\t\t\t\t\n\t\t\t\t\n\t\t\t<\/div>\n\t\t\t\t\n\t\t\t\t\n\t\t\t<\/div><div class=\"et_d4_element et_pb_section et_pb_section_3 et_pb_equal_columns  et_pb_css_mix_blend_mode et_section_specialty et_block_section\" >\n\t\t\t\t\n\t\t\t\t\n\t\t\t\t\n\t\t\t\t\n\t\t\t\t\n\t\t\t\t<div class=\"et_pb_row et_block_row et_d4_element et_pb_gutters2\">\n\t\t\t\t<div class=\"et_d4_element et_pb_column_1_2 et_pb_column et_pb_column_5    et_pb_css_mix_blend_mode et_block_column\">\n\t\t\t\t\n\t\t\t\t\n\t\t\t\t\n\t\t\t\t\n\t\t\t\t<div class=\"et_pb_module et_d4_element et_pb_image et_pb_image_2 dct_img_ani\">\n\t\t\t\t\n\t\t\t\t\n\t\t\t\t\n\t\t\t\t\n\t\t\t\t<span class=\"et_pb_image_wrap has-box-shadow-overlay\"><div class=\"box-shadow-overlay\"><\/div><img loading=\"lazy\" decoding=\"async\" width=\"1200\" height=\"1200\" src=\"https:\/\/gesanproduction.it\/wp-content\/uploads\/2024\/01\/chem-300-plus.jpg\" alt=\"\" title=\"chem 300 plus\" srcset=\"https:\/\/gesanproduction.it\/wp-content\/uploads\/2024\/01\/chem-300-plus.jpg 1200w, https:\/\/gesanproduction.it\/wp-content\/uploads\/2024\/01\/chem-300-plus-980x980.jpg 980w, https:\/\/gesanproduction.it\/wp-content\/uploads\/2024\/01\/chem-300-plus-480x480.jpg 480w\" sizes=\"(min-width: 0px) and (max-width: 480px) 480px, (min-width: 481px) and (max-width: 980px) 980px, (min-width: 981px) 1200px, 100vw\" class=\"wp-image-100897\"><\/span>\n\t\t\t<\/div>\n\t\t\t<\/div><div class=\"et_d4_element et_pb_column_1_2 et_pb_column et_pb_column_6   et_pb_specialty_column  et_pb_css_mix_blend_mode et-last-child et_block_column\">\n\t\t\t\t\n\t\t\t\t\n\t\t\t\t\n\t\t\t\t\n\t\t\t\t<div class=\"et_d4_element et_pb_row_inner et_pb_row_inner_1  et_pb_css_mix_blend_mode et_block_row\">\n\t\t\t\t<div class=\"et_pb_column et_pb_column_4_4 et_d4_element et_pb_column_inner et_pb_column_inner_1  et_pb_css_mix_blend_mode et-last-child et_block_column\">\n\t\t\t\t\n\t\t\t\t\n\t\t\t\t\n\t\t\t\t\n\t\t\t\t<div class=\"et_pb_module et_d4_element et_pb_blurb et_pb_blurb_2  et_pb_text_align_left  et_pb_blurb_position_top et_block_module et_pb_bg_layout_light\">\n\t\t\t\t\n\t\t\t\t\n\t\t\t\t\n\t\t\t\t\n\t\t\t\t<div class=\"et_pb_blurb_content\">\n\t\t\t\t\t\n\t\t\t\t\t<div class=\"et_pb_blurb_container\">\n\t\t\t\t\t\t<h4 class=\"et_pb_module_header\"><span>FAMILY PRO<\/span><\/h4>\n\t\t\t\t\t\t<div class=\"et_pb_blurb_description\"><p>CHEM 300 PLUS<\/p><\/div>\n\t\t\t\t\t<\/div>\n\t\t\t\t<\/div>\n\t\t\t<\/div><div class=\"et_pb_module et_d4_element et_pb_text et_pb_text_4  et_pb_text_align_left et_pb_bg_layout_light\">\n\t\t\t\t\n\t\t\t\t\n\t\t\t\t\n\t\t\t\t\n\t\t\t\t<div class=\"et_pb_text_inner\"><p><span>L'analyseur de chimie clinique Chem 300 PRO plus dispose d'un menu d'analyse \u00e9tendu associ\u00e9 \u00e0 un mat\u00e9riel et un logiciel \u00e9prouv\u00e9s pour augmenter l'efficacit\u00e9 et r\u00e9duire les co\u00fbts de fonctionnement du laboratoire. La derni\u00e8re g\u00e9n\u00e9ration int\u00e8gre \u00e9galement le lecteur de code QR des r\u00e9actifs et l'interface graphique \u00e0 \u00e9cran tactile.<\/span><\/p><\/div>\n\t\t\t<\/div><div class=\"et_pb_button_module_wrapper et_pb_button_2_wrapper  et_pb_module \">\n\t\t\t\t<a class=\"et_pb_button et_d4_element et_pb_button_2 et_pb_bg_layout_light et_block_module\" href=\"https:\/\/gesanproduction.it\/fr\/chem-300-plus\/\" data-icon=\"\uf0c3\">Fiche d&#039;information<\/a>\n\t\t\t<\/div>\n\t\t\t<\/div>\n\t\t\t\t\n\t\t\t\t\n\t\t\t\t\n\t\t\t\t\n\t\t\t<\/div>\n\t\t\t<\/div>\n\t\t\t\t<\/div>\n\t\t\t\t\n\t\t\t<\/div><div class=\"et_d4_element et_pb_section et_pb_section_4  et_pb_css_mix_blend_mode et_section_regular et_block_section\" >\n\t\t\t\t\n\t\t\t\t\n\t\t\t\t\n\t\t\t\t\n\t\t\t\t\n\t\t\t\t\n\t\t\t\t<div class=\"et_d4_element et_pb_row et_pb_row_2  et_pb_css_mix_blend_mode et_block_row\">\n\t\t\t\t<div class=\"et_d4_element et_pb_column_1_2 et_pb_column et_pb_column_7  et_pb_css_mix_blend_mode et_block_column\">\n\t\t\t\t\n\t\t\t\t\n\t\t\t\t\n\t\t\t\t\n\t\t\t\t<div class=\"et_pb_module et_d4_element et_pb_blurb et_pb_blurb_3  et_pb_text_align_left  et_pb_blurb_position_top et_block_module et_pb_bg_layout_light\">\n\t\t\t\t\n\t\t\t\t\n\t\t\t\t\n\t\t\t\t\n\t\t\t\t<div class=\"et_pb_blurb_content\">\n\t\t\t\t\t\n\t\t\t\t\t<div class=\"et_pb_blurb_container\">\n\t\t\t\t\t\t<h4 class=\"et_pb_module_header\"><span>FAMILY PRO<\/span><\/h4>\n\t\t\t\t\t\t<div class=\"et_pb_blurb_description\"><p>CHEM 400 PRO<\/p><\/div>\n\t\t\t\t\t<\/div>\n\t\t\t\t<\/div>\n\t\t\t<\/div><div class=\"et_pb_module et_d4_element et_pb_text et_pb_text_5  et_pb_text_align_left et_pb_bg_layout_light\">\n\t\t\t\t\n\t\t\t\t\n\t\t\t\t\n\t\t\t\t\n\t\t\t\t<div class=\"et_pb_text_inner\"><p><span>Gesan Chem 400 PRO est con\u00e7u pour r\u00e9pondre aux besoins des laboratoires de taille moyenne \u00e0 grande. Il s'agit d'un analyseur de chimie clinique discret, \u00e0 acc\u00e8s al\u00e9atoire, enti\u00e8rement automatis\u00e9, dot\u00e9 d'une grande plaque d'\u00e9chantillonnage pouvant contenir jusqu'\u00e0 115 \u00e9chantillons, de deux plateaux de r\u00e9actifs r\u00e9frig\u00e9r\u00e9s de 90 positions chacun pour r\u00e9pondre \u00e0 toutes les exigences du laboratoire. Un syst\u00e8me de mesure optique pr\u00e9cis et fiable, une surveillance du syst\u00e8me en temps r\u00e9el et un syst\u00e8me de nettoyage parfait qui emp\u00eache toute contamination en font l'alli\u00e9 id\u00e9al et fiable pour un travail de haute qualit\u00e9. <\/span><\/p><\/div>\n\t\t\t<\/div><div class=\"et_pb_button_module_wrapper et_pb_button_3_wrapper  et_pb_module \">\n\t\t\t\t<a class=\"et_pb_button et_d4_element et_pb_button_3 et_pb_bg_layout_light et_block_module\" href=\"https:\/\/gesanproduction.it\/fr\/chem-400-pro\/\" data-icon=\"\uf0c3\">Fiche d&#039;information<\/a>\n\t\t\t<\/div>\n\t\t\t<\/div><div class=\"et_d4_element et_pb_column_1_2 et_pb_column et_pb_column_8  et_pb_css_mix_blend_mode et-last-child et_block_column\">\n\t\t\t\t\n\t\t\t\t\n\t\t\t\t\n\t\t\t\t\n\t\t\t\t<div class=\"et_pb_module et_d4_element et_pb_image et_pb_image_3 dct_img_ani\">\n\t\t\t\t\n\t\t\t\t\n\t\t\t\t\n\t\t\t\t\n\t\t\t\t<span class=\"et_pb_image_wrap has-box-shadow-overlay\"><div class=\"box-shadow-overlay\"><\/div><img loading=\"lazy\" decoding=\"async\" width=\"1080\" height=\"1080\" src=\"https:\/\/gesanproduction.it\/wp-content\/uploads\/2024\/01\/chem-400-pro.jpg\" alt=\"\" title=\"chem 400 pro\" srcset=\"https:\/\/gesanproduction.it\/wp-content\/uploads\/2024\/01\/chem-400-pro.jpg 1080w, https:\/\/gesanproduction.it\/wp-content\/uploads\/2024\/01\/chem-400-pro-980x980.jpg 980w, https:\/\/gesanproduction.it\/wp-content\/uploads\/2024\/01\/chem-400-pro-480x480.jpg 480w\" sizes=\"(min-width: 0px) and (max-width: 480px) 480px, (min-width: 481px) and (max-width: 980px) 980px, (min-width: 981px) 1080px, 100vw\" class=\"wp-image-100898\"><\/span>\n\t\t\t<\/div>\n\t\t\t<\/div>\n\t\t\t\t\n\t\t\t\t\n\t\t\t\t\n\t\t\t\t\n\t\t\t<\/div>\n\t\t\t\t\n\t\t\t\t\n\t\t\t<\/div><div class=\"et_d4_element et_pb_section et_pb_section_5 et_pb_equal_columns  et_pb_css_mix_blend_mode et_section_specialty et_block_section\" >\n\t\t\t\t\n\t\t\t\t\n\t\t\t\t\n\t\t\t\t\n\t\t\t\t\n\t\t\t\t<div class=\"et_pb_row et_block_row et_d4_element et_pb_gutters2\">\n\t\t\t\t<div class=\"et_d4_element et_pb_column_1_2 et_pb_column et_pb_column_9    et_pb_css_mix_blend_mode et_block_column\">\n\t\t\t\t\n\t\t\t\t\n\t\t\t\t\n\t\t\t\t\n\t\t\t\t<div class=\"et_pb_module et_d4_element et_pb_image et_pb_image_4 dct_img_ani\">\n\t\t\t\t\n\t\t\t\t\n\t\t\t\t\n\t\t\t\t\n\t\t\t\t<span class=\"et_pb_image_wrap has-box-shadow-overlay\"><div class=\"box-shadow-overlay\"><\/div><img loading=\"lazy\" decoding=\"async\" width=\"1200\" height=\"1200\" src=\"https:\/\/gesanproduction.it\/wp-content\/uploads\/2024\/01\/clot-1000.png\" alt=\"\" title=\"clot 1000\" srcset=\"https:\/\/gesanproduction.it\/wp-content\/uploads\/2024\/01\/clot-1000.png 1200w, https:\/\/gesanproduction.it\/wp-content\/uploads\/2024\/01\/clot-1000-980x980.png 980w, https:\/\/gesanproduction.it\/wp-content\/uploads\/2024\/01\/clot-1000-480x480.png 480w\" sizes=\"(min-width: 0px) and (max-width: 480px) 480px, (min-width: 481px) and (max-width: 980px) 980px, (min-width: 981px) 1200px, 100vw\" class=\"wp-image-101891\"><\/span>\n\t\t\t<\/div>\n\t\t\t<\/div><div class=\"et_d4_element et_pb_column_1_2 et_pb_column et_pb_column_10   et_pb_specialty_column  et_pb_css_mix_blend_mode et-last-child et_block_column\">\n\t\t\t\t\n\t\t\t\t\n\t\t\t\t\n\t\t\t\t\n\t\t\t\t<div class=\"et_d4_element et_pb_row_inner et_pb_row_inner_2  et_pb_css_mix_blend_mode et_block_row\">\n\t\t\t\t<div class=\"et_pb_column et_pb_column_4_4 et_d4_element et_pb_column_inner et_pb_column_inner_2  et_pb_css_mix_blend_mode et-last-child et_block_column\">\n\t\t\t\t\n\t\t\t\t\n\t\t\t\t\n\t\t\t\t\n\t\t\t\t<div class=\"et_pb_module et_d4_element et_pb_blurb et_pb_blurb_4  et_pb_text_align_left  et_pb_blurb_position_top et_block_module et_pb_bg_layout_light\">\n\t\t\t\t\n\t\t\t\t\n\t\t\t\t\n\t\t\t\t\n\t\t\t\t<div class=\"et_pb_blurb_content\">\n\t\t\t\t\t\n\t\t\t\t\t<div class=\"et_pb_blurb_container\">\n\t\t\t\t\t\t<h4 class=\"et_pb_module_header\"><span> \/\/ instrument line<\/span><\/h4>\n\t\t\t\t\t\t<div class=\"et_pb_blurb_description\"><p>Clot 1000<\/p><\/div>\n\t\t\t\t\t<\/div>\n\t\t\t\t<\/div>\n\t\t\t<\/div><div class=\"et_pb_module et_d4_element et_pb_text et_pb_text_6  et_pb_text_align_left et_pb_bg_layout_light\">\n\t\t\t\t\n\t\t\t\t\n\t\t\t\t\n\t\t\t\t\n\t\t\t\t<div class=\"et_pb_text_inner\"><p>SMART SOLUTION FOR LABORATORIES<\/p>\n<p><span style=\"font-weight: 400;\">Le Clot Vet est un coagulom\u00e8tre semi-automatique \u00e0 fort potentiel d'utilisation v\u00e9t\u00e9rinaire. Il peut analyser le TP, le TCA et le fibrinog\u00e8ne et, \u00e9tant \u00e9quip\u00e9 d'une source lumineuse \u00e0 trois longueurs d'onde (460 nm, 510 nm et 630 nm), il garantit des r\u00e9sultats pr\u00e9cis m\u00eame en usage v\u00e9t\u00e9rinaire. <\/span><\/p><\/div>\n\t\t\t<\/div><div class=\"et_pb_button_module_wrapper et_pb_button_4_wrapper  et_pb_module \">\n\t\t\t\t<a class=\"et_pb_button et_d4_element et_pb_button_4 et_pb_bg_layout_light et_block_module\" href=\"https:\/\/gesanproduction.it\/fr\/clot-1000\/\" data-icon=\"\uf0c3\">Fiche d&#039;information<\/a>\n\t\t\t<\/div>\n\t\t\t<\/div>\n\t\t\t\t\n\t\t\t\t\n\t\t\t\t\n\t\t\t\t\n\t\t\t<\/div>\n\t\t\t<\/div>\n\t\t\t\t<\/div>\n\t\t\t\t\n\t\t\t<\/div><div class=\"et_d4_element et_pb_section et_pb_section_6  et_pb_css_mix_blend_mode et_section_regular et_block_section\" >\n\t\t\t\t\n\t\t\t\t\n\t\t\t\t\n\t\t\t\t\n\t\t\t\t\n\t\t\t\t\n\t\t\t\t<div class=\"et_d4_element et_pb_row et_pb_row_3  et_pb_css_mix_blend_mode et_block_row\">\n\t\t\t\t<div class=\"et_d4_element et_pb_column_1_2 et_pb_column et_pb_column_11  et_pb_css_mix_blend_mode et_block_column\">\n\t\t\t\t\n\t\t\t\t\n\t\t\t\t\n\t\t\t\t\n\t\t\t\t<div class=\"et_pb_module et_d4_element et_pb_blurb et_pb_blurb_5  et_pb_text_align_left  et_pb_blurb_position_top et_block_module et_pb_bg_layout_light\">\n\t\t\t\t\n\t\t\t\t\n\t\t\t\t\n\t\t\t\t\n\t\t\t\t<div class=\"et_pb_blurb_content\">\n\t\t\t\t\t\n\t\t\t\t\t<div class=\"et_pb_blurb_container\">\n\t\t\t\t\t\t<h4 class=\"et_pb_module_header\"><span> \/\/ instrument line<\/span><\/h4>\n\t\t\t\t\t\t<div class=\"et_pb_blurb_description\"><p>Chem 100 NEW<\/p><\/div>\n\t\t\t\t\t<\/div>\n\t\t\t\t<\/div>\n\t\t\t<\/div><div class=\"et_pb_module et_d4_element et_pb_text et_pb_text_7  et_pb_text_align_left et_pb_bg_layout_light\">\n\t\t\t\t\n\t\t\t\t\n\t\t\t\t\n\t\t\t\t\n\t\t\t\t<div class=\"et_pb_text_inner\"><p><span>Gesan Chem. L'appareil est dot\u00e9 d'une conception optique sup\u00e9rieure et d'une temp\u00e9rature contr\u00f4l\u00e9e. Les mesures sont effectu\u00e9es dans une cellule d'\u00e9coulement sp\u00e9cialis\u00e9e. L'analyseur est facile \u00e0 utiliser et sa maintenance est minimale. La plupart des techniciens peuvent apprendre \u00e0 utiliser l'instrument en une heure gr\u00e2ce \u00e0 l'assistance du pilote de l'appareil. Les instructions de maintenance sont incluses dans le logiciel du syst\u00e8me. L'\u00e9cran du nouveau Chem 100 est tactile.     <\/span><\/p><\/div>\n\t\t\t<\/div><div class=\"et_pb_button_module_wrapper et_pb_button_5_wrapper  et_pb_module \">\n\t\t\t\t<a class=\"et_pb_button et_d4_element et_pb_button_5 et_pb_bg_layout_light et_block_module\" href=\"https:\/\/gesanproduction.it\/fr\/chem-100-new\/\" data-icon=\"\uf0c3\">Fiche d&#039;information<\/a>\n\t\t\t<\/div>\n\t\t\t<\/div><div class=\"et_d4_element et_pb_column_1_2 et_pb_column et_pb_column_12  et_pb_css_mix_blend_mode et-last-child et_block_column\">\n\t\t\t\t\n\t\t\t\t\n\t\t\t\t\n\t\t\t\t\n\t\t\t\t<div class=\"et_pb_module et_d4_element et_pb_image et_pb_image_5 dct_img_ani\">\n\t\t\t\t\n\t\t\t\t\n\t\t\t\t\n\t\t\t\t\n\t\t\t\t<span class=\"et_pb_image_wrap has-box-shadow-overlay\"><div class=\"box-shadow-overlay\"><\/div><img loading=\"lazy\" decoding=\"async\" width=\"1200\" height=\"1003\" src=\"https:\/\/gesanproduction.it\/wp-content\/uploads\/2024\/01\/clinical-chemistry-reagents-gesan-chem-100.jpg\" alt=\"\" title=\"clinical-chemistry-reagents-gesan-chem-100\" srcset=\"https:\/\/gesanproduction.it\/wp-content\/uploads\/2024\/01\/clinical-chemistry-reagents-gesan-chem-100.jpg 1200w, https:\/\/gesanproduction.it\/wp-content\/uploads\/2024\/01\/clinical-chemistry-reagents-gesan-chem-100-980x819.jpg 980w, https:\/\/gesanproduction.it\/wp-content\/uploads\/2024\/01\/clinical-chemistry-reagents-gesan-chem-100-480x401.jpg 480w\" sizes=\"(min-width: 0px) and (max-width: 480px) 480px, (min-width: 481px) and (max-width: 980px) 980px, (min-width: 981px) 1200px, 100vw\" class=\"wp-image-100934\"><\/span>\n\t\t\t<\/div>\n\t\t\t<\/div>\n\t\t\t\t\n\t\t\t\t\n\t\t\t\t\n\t\t\t\t\n\t\t\t<\/div>\n\t\t\t\t\n\t\t\t\t\n\t\t\t<\/div><\/p>\n","protected":false},"excerpt":{"rendered":"<p>Gesan Production propose une gamme compl\u00e8te d&rsquo;analyseurs de chimie clinique. La \u00ab Chem Family \u00bb est adapt\u00e9e aux besoins de chaque laboratoire, qu&rsquo;il s&rsquo;agisse d&rsquo;un petit centre d&rsquo;\u00e9chantillonnage ou d&rsquo;un grand \u00e9tablissement hospitalier. Gesan propose \u00e9galement des gammes compl\u00e8tes de r\u00e9actifs pour ses instruments, avec la possibilit\u00e9 de personnaliser l&#8217;emballage en fonction des besoins sp\u00e9cifiques de ses clients.  <\/p>\n","protected":false},"author":1,"featured_media":102740,"parent":0,"menu_order":0,"comment_status":"closed","ping_status":"closed","template":"","meta":{"_et_pb_use_builder":"on","_et_pb_old_content":"","_et_gb_content_width":"","footnotes":""},"class_list":["post-102826","page","type-page","status-publish","has-post-thumbnail","hentry"],"_links":{"self":[{"href":"https:\/\/gesanproduction.it\/fr\/wp-json\/wp\/v2\/pages\/102826","targetHints":{"allow":["GET"]}}],"collection":[{"href":"https:\/\/gesanproduction.it\/fr\/wp-json\/wp\/v2\/pages"}],"about":[{"href":"https:\/\/gesanproduction.it\/fr\/wp-json\/wp\/v2\/types\/page"}],"author":[{"embeddable":true,"href":"https:\/\/gesanproduction.it\/fr\/wp-json\/wp\/v2\/users\/1"}],"replies":[{"embeddable":true,"href":"https:\/\/gesanproduction.it\/fr\/wp-json\/wp\/v2\/comments?post=102826"}],"version-history":[{"count":2,"href":"https:\/\/gesanproduction.it\/fr\/wp-json\/wp\/v2\/pages\/102826\/revisions"}],"predecessor-version":[{"id":102828,"href":"https:\/\/gesanproduction.it\/fr\/wp-json\/wp\/v2\/pages\/102826\/revisions\/102828"}],"wp:featuredmedia":[{"embeddable":true,"href":"https:\/\/gesanproduction.it\/fr\/wp-json\/wp\/v2\/media\/102740"}],"wp:attachment":[{"href":"https:\/\/gesanproduction.it\/fr\/wp-json\/wp\/v2\/media?parent=102826"}],"curies":[{"name":"wp","href":"https:\/\/api.w.org\/{rel}","templated":true}]}}