{"id":102818,"date":"2024-01-23T16:51:15","date_gmt":"2024-01-23T16:51:15","guid":{"rendered":"https:\/\/gesanproduction.it\/hemovet-5diff\/"},"modified":"2024-10-09T09:12:57","modified_gmt":"2024-10-09T09:12:57","slug":"hemovet-5diff","status":"publish","type":"page","link":"https:\/\/gesanproduction.it\/fr\/hemovet-5diff\/","title":{"rendered":"Hemovet 5diff"},"content":{"rendered":"<div class=\"et_d4_element et_pb_section et_pb_section_0 et_pb_equal_columns  et_pb_css_mix_blend_mode et_section_specialty et_block_section\" >\n\t\t\t\t\n\t\t\t\t\n\t\t\t\t\n\t\t\t\t\n\t\t\t\t\n\t\t\t\t<div class=\"et_pb_row et_block_row et_d4_element et_pb_gutters2\">\n\t\t\t\t<div class=\"et_d4_element et_pb_column_1_2 et_pb_column et_pb_column_0    et_pb_css_mix_blend_mode et_block_column\">\n\t\t\t\t\n\t\t\t\t\n\t\t\t\t\n\t\t\t\t\n\t\t\t\t<div class=\"et_pb_module et_d4_element et_pb_image et_pb_image_0 dct_img_ani\">\n\t\t\t\t\n\t\t\t\t\n\t\t\t\t\n\t\t\t\t\n\t\t\t\t<span class=\"et_pb_image_wrap has-box-shadow-overlay\"><div class=\"box-shadow-overlay\"><\/div><img loading=\"lazy\" decoding=\"async\" width=\"912\" height=\"912\" src=\"https:\/\/gesanproduction.it\/wp-content\/uploads\/2024\/01\/Vet-5-diff.png\" alt=\"\" title=\"Vet-5-diff\" srcset=\"https:\/\/gesanproduction.it\/wp-content\/uploads\/2024\/01\/Vet-5-diff.png 912w, https:\/\/gesanproduction.it\/wp-content\/uploads\/2024\/01\/Vet-5-diff-480x480.png 480w\" sizes=\"(min-width: 0px) and (max-width: 480px) 480px, (min-width: 481px) 912px, 100vw\" class=\"wp-image-100880\"><\/span>\n\t\t\t<\/div>\n\t\t\t<\/div><div class=\"et_d4_element et_pb_column_1_2 et_pb_column et_pb_column_1   et_pb_specialty_column  et_pb_css_mix_blend_mode et-last-child et_block_column\">\n\t\t\t\t\n\t\t\t\t\n\t\t\t\t\n\t\t\t\t\n\t\t\t\t<div class=\"et_d4_element et_pb_row_inner et_pb_row_inner_0  et_pb_css_mix_blend_mode et_block_row\">\n\t\t\t\t<div class=\"et_pb_column et_pb_column_4_4 et_d4_element et_pb_column_inner et_pb_column_inner_0  et_pb_css_mix_blend_mode et-last-child et_block_column\">\n\t\t\t\t\n\t\t\t\t\n\t\t\t\t\n\t\t\t\t\n\t\t\t\t<div class=\"et_pb_module et_d4_element et_pb_blurb et_pb_blurb_0  et_pb_text_align_left  et_pb_blurb_position_top et_block_module et_pb_bg_layout_light\">\n\t\t\t\t\n\t\t\t\t\n\t\t\t\t\n\t\t\t\t\n\t\t\t\t<div class=\"et_pb_blurb_content\">\n\t\t\t\t\t\n\t\t\t\t\t<div class=\"et_pb_blurb_container\">\n\t\t\t\t\t\t<h4 class=\"et_pb_module_header\"><span> \/\/ vet<\/span><\/h4>\n\t\t\t\t\t\t<div class=\"et_pb_blurb_description\"><p>Hemovet 5diff<\/p><\/div>\n\t\t\t\t\t<\/div>\n\t\t\t\t<\/div>\n\t\t\t<\/div><div class=\"et_pb_module et_d4_element et_pb_text et_pb_text_0  et_pb_text_align_left et_pb_bg_layout_light\">\n\t\t\t\t\n\t\t\t\t\n\t\t\t\t\n\t\t\t\t\n\t\t\t\t<div class=\"et_pb_text_inner\"><p>L'Hemovet 5diff est un analyseur d'h\u00e9matologie de table avec diff\u00e9renciation en 5 parties, \u00e9quip\u00e9 d'un laser de lecture et d'un programme v\u00e9t\u00e9rinaire sp\u00e9cifique prenant en charge plusieurs modes animaux.<\/p><\/div>\n\t\t\t<\/div><div class=\"et_pb_button_module_wrapper et_pb_button_0_wrapper et_pb_button_alignment_left et_pb_module \">\n\t\t\t\t<a class=\"et_pb_button et_d4_element et_pb_button_0 et_pb_bg_layout_light et_block_module\" href=\"https:\/\/gesanproduction.it\/wp-content\/uploads\/2024\/01\/Hemovet-5-dif.pdf\">BROCHURE<\/a>\n\t\t\t<\/div>\n\t\t\t<\/div>\n\t\t\t\t\n\t\t\t\t\n\t\t\t\t\n\t\t\t\t\n\t\t\t<\/div>\n\t\t\t<\/div>\n\t\t\t\t<\/div>\n\t\t\t\t\n\t\t\t<\/div>\n","protected":false},"excerpt":{"rendered":"<p>L&rsquo;Hemovet 5diff est un analyseur d&rsquo;h\u00e9matologie de table avec diff\u00e9renciation en 5 parties, \u00e9quip\u00e9 d&rsquo;un laser de lecture et d&rsquo;un programme v\u00e9t\u00e9rinaire sp\u00e9cifique prenant en charge plusieurs modes animaux.<\/p>\n","protected":false},"author":1,"featured_media":102819,"parent":0,"menu_order":0,"comment_status":"closed","ping_status":"closed","template":"","meta":{"_et_pb_use_builder":"on","_et_pb_old_content":"","_et_gb_content_width":"","footnotes":""},"class_list":["post-102818","page","type-page","status-publish","has-post-thumbnail","hentry"],"_links":{"self":[{"href":"https:\/\/gesanproduction.it\/fr\/wp-json\/wp\/v2\/pages\/102818","targetHints":{"allow":["GET"]}}],"collection":[{"href":"https:\/\/gesanproduction.it\/fr\/wp-json\/wp\/v2\/pages"}],"about":[{"href":"https:\/\/gesanproduction.it\/fr\/wp-json\/wp\/v2\/types\/page"}],"author":[{"embeddable":true,"href":"https:\/\/gesanproduction.it\/fr\/wp-json\/wp\/v2\/users\/1"}],"replies":[{"embeddable":true,"href":"https:\/\/gesanproduction.it\/fr\/wp-json\/wp\/v2\/comments?post=102818"}],"version-history":[{"count":2,"href":"https:\/\/gesanproduction.it\/fr\/wp-json\/wp\/v2\/pages\/102818\/revisions"}],"predecessor-version":[{"id":102821,"href":"https:\/\/gesanproduction.it\/fr\/wp-json\/wp\/v2\/pages\/102818\/revisions\/102821"}],"wp:featuredmedia":[{"embeddable":true,"href":"https:\/\/gesanproduction.it\/fr\/wp-json\/wp\/v2\/media\/102819"}],"wp:attachment":[{"href":"https:\/\/gesanproduction.it\/fr\/wp-json\/wp\/v2\/media?parent=102818"}],"curies":[{"name":"wp","href":"https:\/\/api.w.org\/{rel}","templated":true}]}}