{"id":102776,"date":"2024-01-25T17:23:37","date_gmt":"2024-01-25T17:23:37","guid":{"rendered":"https:\/\/gesanproduction.it\/chem-200-pro-vet\/"},"modified":"2024-10-09T08:17:19","modified_gmt":"2024-10-09T08:17:19","slug":"chem-200-pro-vet","status":"publish","type":"page","link":"https:\/\/gesanproduction.it\/fr\/chem-200-pro-vet\/","title":{"rendered":"Chem 200 PRO vet"},"content":{"rendered":"<p><div class=\"et_d4_element et_pb_section et_pb_section_0 et_pb_equal_columns  et_pb_css_mix_blend_mode et_section_specialty et_block_section\" >\n\t\t\t\t\n\t\t\t\t\n\t\t\t\t\n\t\t\t\t\n\t\t\t\t\n\t\t\t\t<div class=\"et_pb_row et_block_row et_d4_element et_pb_gutters2\">\n\t\t\t\t<div class=\"et_d4_element et_pb_column_1_2 et_pb_column et_pb_column_0    et_pb_css_mix_blend_mode et_block_column\">\n\t\t\t\t\n\t\t\t\t\n\t\t\t\t\n\t\t\t\t\n\t\t\t\t<div class=\"et_pb_module et_d4_element et_pb_image et_pb_image_0\">\n\t\t\t\t\n\t\t\t\t\n\t\t\t\t\n\t\t\t\t\n\t\t\t\t<span class=\"et_pb_image_wrap \"><img loading=\"lazy\" decoding=\"async\" width=\"1031\" height=\"844\" src=\"https:\/\/gesanproduction.it\/wp-content\/uploads\/2024\/01\/CHEM200-VET.png\" alt=\"\" title=\"CHEM200 VET\" srcset=\"https:\/\/gesanproduction.it\/wp-content\/uploads\/2024\/01\/CHEM200-VET.png 1031w, https:\/\/gesanproduction.it\/wp-content\/uploads\/2024\/01\/CHEM200-VET-980x802.png 980w, https:\/\/gesanproduction.it\/wp-content\/uploads\/2024\/01\/CHEM200-VET-480x393.png 480w\" sizes=\"(min-width: 0px) and (max-width: 480px) 480px, (min-width: 481px) and (max-width: 980px) 980px, (min-width: 981px) 1031px, 100vw\" class=\"wp-image-102039\"><\/span>\n\t\t\t<\/div>\n\t\t\t<\/div><div class=\"et_d4_element et_pb_column_1_2 et_pb_column et_pb_column_1   et_pb_specialty_column  et_pb_css_mix_blend_mode et-last-child et_block_column\">\n\t\t\t\t\n\t\t\t\t\n\t\t\t\t\n\t\t\t\t\n\t\t\t\t<div class=\"et_d4_element et_pb_row_inner et_pb_row_inner_0  et_pb_css_mix_blend_mode et_block_row\">\n\t\t\t\t<div class=\"et_pb_column et_pb_column_4_4 et_d4_element et_pb_column_inner et_pb_column_inner_0  et_pb_css_mix_blend_mode et-last-child et_block_column\">\n\t\t\t\t\n\t\t\t\t\n\t\t\t\t\n\t\t\t\t\n\t\t\t\t<div class=\"et_pb_module et_d4_element et_pb_blurb et_pb_blurb_0  et_pb_text_align_left  et_pb_blurb_position_top et_block_module et_pb_bg_layout_light\">\n\t\t\t\t\n\t\t\t\t\n\t\t\t\t\n\t\t\t\t\n\t\t\t\t<div class=\"et_pb_blurb_content\">\n\t\t\t\t\t\n\t\t\t\t\t<div class=\"et_pb_blurb_container\">\n\t\t\t\t\t\t<h4 class=\"et_pb_module_header\"><span> \/\/ vet<\/span><\/h4>\n\t\t\t\t\t\t<div class=\"et_pb_blurb_description\"><p>CHEM 200 PRO VET<\/p><\/div>\n\t\t\t\t\t<\/div>\n\t\t\t\t<\/div>\n\t\t\t<\/div><div class=\"et_pb_module et_d4_element et_pb_text et_pb_text_0  et_pb_text_align_left et_pb_bg_layout_light\">\n\t\t\t\t\n\t\t\t\t\n\t\t\t\t\n\t\t\t\t\n\t\t\t\t<div class=\"et_pb_text_inner\"><p class=\"p1\">L'analyseur VET fournit des rapports personnalisables pour chaque esp\u00e8ce animale, est simple d'utilisation et permet la cr\u00e9ation d'une vari\u00e9t\u00e9 de profils, tels que g\u00e9n\u00e9rique, pr\u00e9op\u00e9ratoire, postop\u00e9ratoire, h\u00e9patique, r\u00e9nal et m\u00e9tabolique.<br \/>Le contr\u00f4le du diagnostic \u00e0 distance permet au personnel de service de r\u00e9soudre les erreurs rapidement et efficacement sans avoir \u00e0 se rendre sur place. <\/p><\/div>\n\t\t\t<\/div><div class=\"et_pb_button_module_wrapper et_pb_button_0_wrapper et_pb_button_alignment_left et_pb_module \">\n\t\t\t\t<a class=\"et_pb_button et_d4_element et_pb_button_0 et_pb_bg_layout_light et_block_module\" href=\"https:\/\/gesanproduction.it\/fr\/veterinary-chem-200-pro-vet\/\">DEDICATED REAGENTS<\/a>\n\t\t\t<\/div>\n\t\t\t<\/div>\n\t\t\t\t\n\t\t\t\t\n\t\t\t\t\n\t\t\t\t\n\t\t\t<\/div>\n\t\t\t<\/div>\n\t\t\t\t<\/div>\n\t\t\t\t\n\t\t\t<\/div><div class=\"et_d4_element et_pb_section et_pb_section_1  et_pb_css_mix_blend_mode et_section_regular et_block_section\" >\n\t\t\t\t\n\t\t\t\t\n\t\t\t\t\n\t\t\t\t\n\t\t\t\t\n\t\t\t\t\n\t\t\t\t<div class=\"et_d4_element et_pb_row et_pb_row_0 et_pb_equal_columns et_pb_gutters3  et_pb_css_mix_blend_mode et_block_row\">\n\t\t\t\t<div class=\"et_d4_element et_pb_column_4_4 et_pb_column et_pb_column_2  et_pb_css_mix_blend_mode et-last-child et_block_column\">\n\t\t\t\t\n\t\t\t\t\n\t\t\t\t\n\t\t\t\t\n\t\t\t\t<div class=\"et_pb_module et_d4_element et_pb_cta_0 et_pb_promo  et_pb_text_align_left et_pb_bg_layout_dark et_pb_no_bg\">\n\t\t\t\t\n\t\t\t\t\n\t\t\t\t\n\t\t\t\t\n\t\t\t\t<div class=\"et_pb_promo_description\"><h2 class=\"et_pb_module_header\">fiche technique<\/h2><\/div>\n\t\t\t\t\n\t\t\t<\/div><div class=\"et_pb_module et_d4_element et_pb_cta_1 et_pb_promo  et_pb_text_align_left et_pb_bg_layout_dark et_pb_no_bg\">\n\t\t\t\t\n\t\t\t\t\n\t\t\t\t\n\t\t\t\t\n\t\t\t\t<div class=\"et_pb_promo_description\"><div><p class=\"p1\"><strong>OPERATION<\/strong><\/p>\n<p class=\"p2\">- Clinical chemistry and turbidimetry<\/p>\n<p class=\"p2\">- Random access, STAT<\/p>\n<p class=\"p2\">- Open channels with barcoded bottles<\/p>\n<p class=\"p2\">- Up to 200 tests \/ hour<\/p>\n<p class=\"p1\"><strong>CONTINUOUS SAMPLE LOADING<\/strong><\/p>\n<p class=\"p2\">- 1 sampling needle<\/p>\n<p class=\"p2\">- 60 positions<\/p>\n<p class=\"p2\">- Pause mode for reagent and sample<\/p>\n<p class=\"p2\">adding during test execution<\/p>\n<p class=\"p1\"><strong>DEDICATED BARCODED REAGENTS<\/strong><\/p>\n<p class=\"p2\">- Ready to use<\/p>\n<p class=\"p2\">- Validated by correlation studies<\/p>\n<p class=\"p2\">- 30 reagent positions<\/p>\n<p class=\"p2\">- Refrigerate and removable rack<\/p>\n<p class=\"p1\"><strong>REACTION<\/strong><\/p>\n<p class=\"p2\">- 8-step cuvette wash station<\/p>\n<p class=\"p2\">- Less than 2 l \/ h water consumption<\/p>\n<p class=\"p2\">- Separate containers for normal and high contaminated waste<\/p>\n<p class=\"p2\">- 1 sampling needle<\/p>\n<p class=\"p2\">- Needle shock and capacitive liquid level detector<\/p>\n<p class=\"p1\"><strong>EXCELLENT USER INTERFACE<\/strong><\/p>\n<p class=\"p2\">- Automatic check of reagents, expiry dates, calibration, maintenance, controls<\/p>\n<p class=\"p2\">- Test inspection for reaction check and test details<\/p>\n<p class=\"p2\">- Fully automated maintenance procedure<\/p>\n<p class=\"p2\">- Touch screen technology<\/p>\n<p class=\"p2\">- Intuitive software on Windows Net-Framework bases<\/p>\n<p class=\"p2\">- Online remote support<\/p><\/div><\/div>\n\t\t\t\t\n\t\t\t<\/div>\n\t\t\t<\/div>\n\t\t\t\t\n\t\t\t\t\n\t\t\t\t\n\t\t\t\t\n\t\t\t<\/div>\n\t\t\t\t\n\t\t\t\t\n\t\t\t<\/div><\/p>\n","protected":false},"excerpt":{"rendered":"<p>L&rsquo;analyseur VET fournit des rapports personnalisables pour chaque esp\u00e8ce animale, est simple d&rsquo;utilisation et permet la cr\u00e9ation d&rsquo;une vari\u00e9t\u00e9 de profils, tels que g\u00e9n\u00e9rique, pr\u00e9op\u00e9ratoire, postop\u00e9ratoire, h\u00e9patique, r\u00e9nal et m\u00e9tabolique. <\/p>\n","protected":false},"author":1,"featured_media":102773,"parent":0,"menu_order":0,"comment_status":"closed","ping_status":"closed","template":"","meta":{"_et_pb_use_builder":"on","_et_pb_old_content":"","_et_gb_content_width":"","footnotes":""},"class_list":["post-102776","page","type-page","status-publish","has-post-thumbnail","hentry"],"_links":{"self":[{"href":"https:\/\/gesanproduction.it\/fr\/wp-json\/wp\/v2\/pages\/102776","targetHints":{"allow":["GET"]}}],"collection":[{"href":"https:\/\/gesanproduction.it\/fr\/wp-json\/wp\/v2\/pages"}],"about":[{"href":"https:\/\/gesanproduction.it\/fr\/wp-json\/wp\/v2\/types\/page"}],"author":[{"embeddable":true,"href":"https:\/\/gesanproduction.it\/fr\/wp-json\/wp\/v2\/users\/1"}],"replies":[{"embeddable":true,"href":"https:\/\/gesanproduction.it\/fr\/wp-json\/wp\/v2\/comments?post=102776"}],"version-history":[{"count":4,"href":"https:\/\/gesanproduction.it\/fr\/wp-json\/wp\/v2\/pages\/102776\/revisions"}],"predecessor-version":[{"id":102799,"href":"https:\/\/gesanproduction.it\/fr\/wp-json\/wp\/v2\/pages\/102776\/revisions\/102799"}],"wp:featuredmedia":[{"embeddable":true,"href":"https:\/\/gesanproduction.it\/fr\/wp-json\/wp\/v2\/media\/102773"}],"wp:attachment":[{"href":"https:\/\/gesanproduction.it\/fr\/wp-json\/wp\/v2\/media?parent=102776"}],"curies":[{"name":"wp","href":"https:\/\/api.w.org\/{rel}","templated":true}]}}