{"id":102768,"date":"2024-01-24T10:49:07","date_gmt":"2024-01-24T10:49:07","guid":{"rendered":"https:\/\/gesanproduction.it\/chem-100-new\/"},"modified":"2024-10-09T08:22:09","modified_gmt":"2024-10-09T08:22:09","slug":"chem-100-new","status":"publish","type":"page","link":"https:\/\/gesanproduction.it\/fr\/chem-100-new\/","title":{"rendered":"Chem 100 NEW"},"content":{"rendered":"<p><div class=\"et_d4_element et_pb_section et_pb_section_0 et_pb_equal_columns  et_pb_css_mix_blend_mode et_section_specialty et_block_section\" >\n\t\t\t\t\n\t\t\t\t\n\t\t\t\t\n\t\t\t\t\n\t\t\t\t\n\t\t\t\t<div class=\"et_pb_row et_block_row et_d4_element et_pb_gutters2\">\n\t\t\t\t<div class=\"et_d4_element et_pb_column_1_2 et_pb_column et_pb_column_0    et_pb_css_mix_blend_mode et_block_column\">\n\t\t\t\t\n\t\t\t\t\n\t\t\t\t\n\t\t\t\t\n\t\t\t\t<div class=\"et_pb_module et_d4_element et_pb_image et_pb_image_0 dct_img_ani\">\n\t\t\t\t\n\t\t\t\t\n\t\t\t\t\n\t\t\t\t\n\t\t\t\t<span class=\"et_pb_image_wrap has-box-shadow-overlay\"><div class=\"box-shadow-overlay\"><\/div><img loading=\"lazy\" decoding=\"async\" width=\"1200\" height=\"1003\" src=\"https:\/\/gesanproduction.it\/wp-content\/uploads\/2024\/01\/clinical-chemistry-reagents-gesan-chem-100.jpg\" alt=\"\" title=\"clinical-chemistry-reagents-gesan-chem-100\" srcset=\"https:\/\/gesanproduction.it\/wp-content\/uploads\/2024\/01\/clinical-chemistry-reagents-gesan-chem-100.jpg 1200w, https:\/\/gesanproduction.it\/wp-content\/uploads\/2024\/01\/clinical-chemistry-reagents-gesan-chem-100-980x819.jpg 980w, https:\/\/gesanproduction.it\/wp-content\/uploads\/2024\/01\/clinical-chemistry-reagents-gesan-chem-100-480x401.jpg 480w\" sizes=\"(min-width: 0px) and (max-width: 480px) 480px, (min-width: 481px) and (max-width: 980px) 980px, (min-width: 981px) 1200px, 100vw\" class=\"wp-image-100934\"><\/span>\n\t\t\t<\/div>\n\t\t\t<\/div><div class=\"et_d4_element et_pb_column_1_2 et_pb_column et_pb_column_1   et_pb_specialty_column  et_pb_css_mix_blend_mode et-last-child et_block_column\">\n\t\t\t\t\n\t\t\t\t\n\t\t\t\t\n\t\t\t\t\n\t\t\t\t<div class=\"et_d4_element et_pb_row_inner et_pb_row_inner_0  et_pb_css_mix_blend_mode et_block_row\">\n\t\t\t\t<div class=\"et_pb_column et_pb_column_4_4 et_d4_element et_pb_column_inner et_pb_column_inner_0  et_pb_css_mix_blend_mode et-last-child et_block_column\">\n\t\t\t\t\n\t\t\t\t\n\t\t\t\t\n\t\t\t\t\n\t\t\t\t<div class=\"et_pb_module et_d4_element et_pb_blurb et_pb_blurb_0  et_pb_text_align_left  et_pb_blurb_position_top et_block_module et_pb_bg_layout_light\">\n\t\t\t\t\n\t\t\t\t\n\t\t\t\t\n\t\t\t\t\n\t\t\t\t<div class=\"et_pb_blurb_content\">\n\t\t\t\t\t\n\t\t\t\t\t<div class=\"et_pb_blurb_container\">\n\t\t\t\t\t\t<h4 class=\"et_pb_module_header\"><span> \/\/ instrument line<\/span><\/h4>\n\t\t\t\t\t\t<div class=\"et_pb_blurb_description\"><p>Chem 100 NEW<\/p><\/div>\n\t\t\t\t\t<\/div>\n\t\t\t\t<\/div>\n\t\t\t<\/div><div class=\"et_pb_module et_d4_element et_pb_text et_pb_text_0  et_pb_text_align_left et_pb_bg_layout_light\">\n\t\t\t\t\n\t\t\t\t\n\t\t\t\t\n\t\t\t\t\n\t\t\t\t<div class=\"et_pb_text_inner\"><p><span>Gesan Chem. L'appareil est dot\u00e9 d'une conception optique sup\u00e9rieure et d'une temp\u00e9rature contr\u00f4l\u00e9e. Les mesures sont effectu\u00e9es dans une cellule d'\u00e9coulement sp\u00e9cialis\u00e9e. L'analyseur est facile \u00e0 utiliser et sa maintenance est minimale. La plupart des techniciens peuvent apprendre \u00e0 utiliser l'instrument en une heure gr\u00e2ce \u00e0 l'assistance du pilote de l'appareil. Les instructions de maintenance sont incluses dans le logiciel du syst\u00e8me. L'\u00e9cran du nouveau Chem 100 est tactile.     <\/span><\/p><\/div>\n\t\t\t<\/div>\n\t\t\t<\/div>\n\t\t\t\t\n\t\t\t\t\n\t\t\t\t\n\t\t\t\t\n\t\t\t<\/div>\n\t\t\t<\/div>\n\t\t\t\t<\/div>\n\t\t\t\t\n\t\t\t<\/div><div class=\"et_d4_element et_pb_section et_pb_section_1  et_pb_css_mix_blend_mode et_section_regular et_block_section\" >\n\t\t\t\t\n\t\t\t\t\n\t\t\t\t\n\t\t\t\t\n\t\t\t\t\n\t\t\t\t\n\t\t\t\t<div class=\"et_d4_element et_pb_row et_pb_row_0  et_pb_css_mix_blend_mode et_block_row\">\n\t\t\t\t<div class=\"et_d4_element et_pb_column_4_4 et_pb_column et_pb_column_2  et_pb_css_mix_blend_mode et-last-child et_block_column\">\n\t\t\t\t\n\t\t\t\t\n\t\t\t\t\n\t\t\t\t\n\t\t\t\t<div class=\"et_pb_module et_d4_element dipl_tabs dipl_tabs_0\">\n\t\t\t\t\n\t\t\t\t\n\t\t\t\t\n\t\t\t\t\n\t\t\t\t\n\t\t\t\t\n\t\t\t\t<div class=\"et_pb_module_inner\">\n\t\t\t\t\t<div class=\"dipl_tab_wrapper\" data-trigger=\"click\">\t\t\t\t\r\n\t\t\t\t<div class=\"dipl_tabs_controls\">\r\n\t\t\t\t\t<div class=\"dipl_tabs_item_0_title dipl_tabs_item_title dipl_active_tab\" aria-controls=\"tab-1\">\r\n\t\t\t\t\t\t<div class=\"dipl_tabs_item_title_inner_wrap\">\r\n\t\t\t\t\t\t\t<span class=\"dipl_tab_title\">Technical Specifications<\/span>\r\n\t\t\t\t\t\t<\/div>\r\n\t\t\t\t\t<\/div>\r\n\t\t\t\t<\/div>\r\n\t\t\t\t<div class=\"dipl_tabs_content\">\r\n\t\t\t\t\t<div class=\"et_pb_module et_d4_element dipl_tabs_item dipl_tabs_item_0 dipl_active_tab_content\">\n\t\t\t\t\n\t\t\t\t\n\t\t\t\t\n\t\t\t\t\n\t\t\t\t\n\t\t\t\t\n\t\t\t\t<div class=\"et_pb_module_inner\">\n\t\t\t\t\t<div class=\"dipl_single_tab_content\">\r\n\t\t\t\t\t<div class=\"dipl_tab_desc\">\r\n\t\t\t\t<div><\/p>\n<p><span>\u00b7 PHOTOMETRIC SYSTEM<\/span><br \/><span>Light source: 6V 10W long-life halogen lamp<\/span><br \/><span>Filters: 340, 405, 492, 510, 546, 578, 620 nm; \u00b12 nm pass-band<\/span><br \/><span>\u00b7 THERMOSTATIC CONTROL:<\/span><br \/><span>flow cell temperature: 25, 30, 37\u00b0 C, peltier elements<\/span><br \/><span>Precision: \u00b1 0.1\u00b0 C<\/span><br \/><span>\u00b7 MEASURING SYSTEM:<\/span><br \/><span>Measuring range: 0-3.000 O.D.<\/span><br \/><span>Photometric linearity: 0.2A~0.5\u00b15%, 0.5A~1.0A\u00b14%, 1.0A~1.5A\u00b12%<\/span><br \/><span>Photometric accuracy: \u00b11% from 0 to 3.000 O.D.<\/span><br \/><span>\u00b7 READING CUVETTE:<\/span><br \/><span>32 \u03bcl quartz glass flow trough cell<\/span><br \/><span>400 \u03bcl microcuvette<\/span><br \/><span>1000 \u03bcl microcuvette<\/span><\/p>\n<p><\/div>\r\n\t\t\t\t<\/div>\r\n\t\t\t\t\r\n\t\t\t<\/div>\n\t\t\t\t<\/div>\n\t\t\t<\/div>\r\n\t\t\t\t<\/div>\r\n\t\t\t<\/div>\n\t\t\t\t<\/div>\n\t\t\t<\/div>\n\t\t\t<\/div>\n\t\t\t\t\n\t\t\t\t\n\t\t\t\t\n\t\t\t\t\n\t\t\t<\/div>\n\t\t\t\t\n\t\t\t\t\n\t\t\t<\/div><\/p>\n","protected":false},"excerpt":{"rendered":"<p>Le Chem 100 est un analyseur biochimique semi-automatique appartenant \u00e0 la famille des instruments Gesan Chem. L&rsquo;appareil est dot\u00e9 d&rsquo;une conception optique sup\u00e9rieure et d&rsquo;une temp\u00e9rature contr\u00f4l\u00e9e. Les mesures sont effectu\u00e9es dans une cellule d&rsquo;\u00e9coulement sp\u00e9cialis\u00e9e. <\/p>\n","protected":false},"author":1,"featured_media":102769,"parent":0,"menu_order":0,"comment_status":"closed","ping_status":"closed","template":"","meta":{"_et_pb_use_builder":"on","_et_pb_old_content":"","_et_gb_content_width":"","footnotes":""},"class_list":["post-102768","page","type-page","status-publish","has-post-thumbnail","hentry"],"_links":{"self":[{"href":"https:\/\/gesanproduction.it\/fr\/wp-json\/wp\/v2\/pages\/102768","targetHints":{"allow":["GET"]}}],"collection":[{"href":"https:\/\/gesanproduction.it\/fr\/wp-json\/wp\/v2\/pages"}],"about":[{"href":"https:\/\/gesanproduction.it\/fr\/wp-json\/wp\/v2\/types\/page"}],"author":[{"embeddable":true,"href":"https:\/\/gesanproduction.it\/fr\/wp-json\/wp\/v2\/users\/1"}],"replies":[{"embeddable":true,"href":"https:\/\/gesanproduction.it\/fr\/wp-json\/wp\/v2\/comments?post=102768"}],"version-history":[{"count":5,"href":"https:\/\/gesanproduction.it\/fr\/wp-json\/wp\/v2\/pages\/102768\/revisions"}],"predecessor-version":[{"id":102808,"href":"https:\/\/gesanproduction.it\/fr\/wp-json\/wp\/v2\/pages\/102768\/revisions\/102808"}],"wp:featuredmedia":[{"embeddable":true,"href":"https:\/\/gesanproduction.it\/fr\/wp-json\/wp\/v2\/media\/102769"}],"wp:attachment":[{"href":"https:\/\/gesanproduction.it\/fr\/wp-json\/wp\/v2\/media?parent=102768"}],"curies":[{"name":"wp","href":"https:\/\/api.w.org\/{rel}","templated":true}]}}