{"id":102762,"date":"2023-11-17T10:20:48","date_gmt":"2023-11-17T10:20:48","guid":{"rendered":"https:\/\/gesanproduction.it\/oem\/"},"modified":"2025-12-18T15:54:20","modified_gmt":"2025-12-18T15:54:20","slug":"oem","status":"publish","type":"page","link":"https:\/\/gesanproduction.it\/fr\/oem\/","title":{"rendered":"OEM"},"content":{"rendered":"<p><div class=\"et_d4_element et_pb_section et_pb_section_0  et_pb_css_mix_blend_mode et_section_regular et_block_section\" >\n\t\t\t\t\n\t\t\t\t\n\t\t\t\t\n\t\t\t\t\n\t\t\t\t\n\t\t\t\t\n\t\t\t\t<div class=\"et_d4_element et_pb_row et_pb_row_0  et_pb_css_mix_blend_mode et_block_row\">\n\t\t\t\t<div class=\"et_d4_element et_pb_column_4_4 et_pb_column et_pb_column_0  et_pb_css_mix_blend_mode et-last-child et_block_column\">\n\t\t\t\t\n\t\t\t\t\n\t\t\t\t\n\t\t\t\t\n\t\t\t\t<div class=\"et_pb_module et_d4_element et_pb_blurb et_pb_blurb_0  et_pb_text_align_left  et_pb_blurb_position_top et_block_module et_pb_bg_layout_light\">\n\t\t\t\t\n\t\t\t\t\n\t\t\t\t\n\t\t\t\t\n\t\t\t\t<div class=\"et_pb_blurb_content\">\n\t\t\t\t\t\n\t\t\t\t\t<div class=\"et_pb_blurb_container\">\n\t\t\t\t\t\t<h4 class=\"et_pb_module_header\"><span> \/\/ SERVICE<\/span><\/h4>\n\t\t\t\t\t\t<div class=\"et_pb_blurb_description\"><p><strong><span>Catalogue complet des r\u00e9actifs <\/span><\/strong>OEM<\/p><\/div>\n\t\t\t\t\t<\/div>\n\t\t\t\t<\/div>\n\t\t\t<\/div><div class=\"et_pb_module et_d4_element et_pb_text et_pb_text_0  et_pb_text_align_left et_pb_bg_layout_light\">\n\t\t\t\t\n\t\t\t\t\n\t\t\t\t\n\t\t\t\t\n\t\t\t\t<div class=\"et_pb_text_inner\"><p>Nous sommes le partenaire de confiance des laboratoires cliniques, proposant un catalogue complet de r\u00e9actifs et de kits pour la chimie clinique. Notre gamme est con\u00e7ue pour garantir la fiabilit\u00e9 et l'efficacit\u00e9 analytique n\u00e9cessaires \u00e0 un flux de travail diagnostique rapide et \u00e0 des d\u00e9cisions cliniques pr\u00e9cises. Nous proposons une gamme compl\u00e8te et flexible pour couvrir tous les besoins du laboratoire. Nos solutions comprennent des tests pour les domaines d'investigation suivants : <\/p>\n<p><\/p>\n<ul>\n<li>Fonctionnalit\u00e9 h\u00e9patique et r\u00e9nale<\/li>\n<li>M\u00e9tabolisme et substrats<\/li>\n<li>\u00c9lectrolytes et min\u00e9raux<\/li>\n<li>Prot\u00e9ines sp\u00e9cifiques<\/li>\n<li>Enzymologie<\/li>\n<\/ul>\n<p><\/p>\n<p>&nbsp;<\/p>\n<p><\/p>\n<p>Nos r\u00e9actifs sont formul\u00e9s pour optimiser les performances des analyseurs utilis\u00e9s, garantissant ainsi des r\u00e9sultats de haute qualit\u00e9 :<\/p>\n<p><\/p>\n<ul>\n<li>Stabilit\u00e9 \u00e9lev\u00e9e : r\u00e9actifs \u00e0 longue dur\u00e9e de conservation et stabilit\u00e9 prolong\u00e9e \u00e0 bord, r\u00e9duisant le gaspillage et optimisant les co\u00fbts de gestion. <\/li>\n<li>Pr\u00e9cision et sensibilit\u00e9 : donn\u00e9es de performance analytique d\u00e9montrant une lin\u00e9arit\u00e9 \u00e9tendue et une limite de d\u00e9tection basse, essentielles pour le diagnostic pr\u00e9coce et la surveillance. <\/li>\n<li>Compatibilit\u00e9 universelle : nos solutions sont optimis\u00e9es pour \u00eatre utilis\u00e9es sur une large gamme d'analyseurs de chimie clinique, offrant une flexibilit\u00e9 d'application sur les syst\u00e8mes ouverts et d\u00e9di\u00e9s. <\/li>\n<li>Format optimis\u00e9 : emballage con\u00e7u pour s'adapter parfaitement aux sp\u00e9cifications de votre flux de travail et aux volumes de tests requis. <\/li>\n<\/ul>\n<p><\/p>\n<p>&nbsp;<\/p><\/div>\n\t\t\t<\/div>\n\t\t\t<\/div>\n\t\t\t\t\n\t\t\t\t\n\t\t\t\t\n\t\t\t\t\n\t\t\t<\/div>\n\t\t\t\t\n\t\t\t\t\n\t\t\t<\/div><div class=\"et_d4_element et_pb_section et_pb_section_1 et_pb_equal_columns  et_pb_css_mix_blend_mode et_section_specialty et_block_section\" >\n\t\t\t\t\n\t\t\t\t\n\t\t\t\t\n\t\t\t\t\n\t\t\t\t\n\t\t\t\t<div class=\"et_pb_row et_block_row et_d4_element et_pb_gutters2\">\n\t\t\t\t<div class=\"et_d4_element et_pb_column_1_2 et_pb_column et_pb_column_1    et_pb_css_mix_blend_mode et_block_column\">\n\t\t\t\t\n\t\t\t\t\n\t\t\t\t\n\t\t\t\t\n\t\t\t\t<div class=\"et_pb_module et_d4_element et_pb_image et_pb_image_0 dct_img_ani\">\n\t\t\t\t\n\t\t\t\t\n\t\t\t\t\n\t\t\t\t\n\t\t\t\t<span class=\"et_pb_image_wrap has-box-shadow-overlay\"><div class=\"box-shadow-overlay\"><\/div><img loading=\"lazy\" decoding=\"async\" width=\"1080\" height=\"1080\" src=\"https:\/\/gesanproduction.it\/wp-content\/uploads\/2025\/10\/oem-gesan.jpg\" alt=\"\" title=\"NUOVO Gesan production (1080 x 1350 px) - 25\" srcset=\"https:\/\/gesanproduction.it\/wp-content\/uploads\/2025\/10\/oem-gesan.jpg 1080w, https:\/\/gesanproduction.it\/wp-content\/uploads\/2025\/10\/oem-gesan-980x980.jpg 980w, https:\/\/gesanproduction.it\/wp-content\/uploads\/2025\/10\/oem-gesan-480x480.jpg 480w\" sizes=\"(min-width: 0px) and (max-width: 480px) 480px, (min-width: 481px) and (max-width: 980px) 980px, (min-width: 981px) 1080px, 100vw\" class=\"wp-image-103549\"><\/span>\n\t\t\t<\/div>\n\t\t\t<\/div><div class=\"et_d4_element et_pb_column_1_2 et_pb_column et_pb_column_2   et_pb_specialty_column  et_pb_css_mix_blend_mode et-last-child et_block_column\">\n\t\t\t\t\n\t\t\t\t\n\t\t\t\t\n\t\t\t\t\n\t\t\t\t<div class=\"et_d4_element et_pb_row_inner et_pb_row_inner_0  et_pb_css_mix_blend_mode et_block_row\">\n\t\t\t\t<div class=\"et_pb_column et_pb_column_4_4 et_d4_element et_pb_column_inner et_pb_column_inner_0  et_pb_css_mix_blend_mode et-last-child et_block_column\">\n\t\t\t\t\n\t\t\t\t\n\t\t\t\t\n\t\t\t\t\n\t\t\t\t<div class=\"et_pb_module et_d4_element et_pb_blurb et_pb_blurb_1  et_pb_text_align_left  et_pb_blurb_position_top et_block_module et_pb_bg_layout_light\">\n\t\t\t\t\n\t\t\t\t\n\t\t\t\t\n\t\t\t\t\n\t\t\t\t<div class=\"et_pb_blurb_content\">\n\t\t\t\t\t\n\t\t\t\t\t<div class=\"et_pb_blurb_container\">\n\t\t\t\t\t\t<h4 class=\"et_pb_module_header\"><span>\/\/ SERVICES OEM ET MARQUE DE DISTRIBUTEUR<\/span><\/h4>\n\t\t\t\t\t\t<div class=\"et_pb_blurb_description\"><p>VOTRE CHIMIE CLINIQUE, NOTRE QUALIT\u00c9<\/p><\/div>\n\t\t\t\t\t<\/div>\n\t\t\t\t<\/div>\n\t\t\t<\/div><div class=\"et_pb_module et_d4_element et_pb_text et_pb_text_1  et_pb_text_align_left et_pb_bg_layout_light\">\n\t\t\t\t\n\t\t\t\t\n\t\t\t\t\n\t\t\t\t\n\t\t\t\t<div class=\"et_pb_text_inner\"><p>Nous mettons notre expertise de fabricants sp\u00e9cialis\u00e9s dans les r\u00e9actifs de chimie clinique \u00e0 la disposition des distributeurs, des soci\u00e9t\u00e9s de diagnostic et des fabricants d'analyseurs. Gr\u00e2ce \u00e0 nos services OEM (Original Equipment Manufacturer) et Private Label, vous pouvez \u00e9largir votre portefeuille de produits avec des solutions IVD de haute qualit\u00e9, soutenues par notre rigueur de production et notre conformit\u00e9 r\u00e9glementaire totale.<\/p>\n<p><\/p>\n<p>&nbsp;<\/p><\/div>\n\t\t\t<\/div>\n\t\t\t<\/div>\n\t\t\t\t\n\t\t\t\t\n\t\t\t\t\n\t\t\t\t\n\t\t\t<\/div>\n\t\t\t<\/div>\n\t\t\t\t<\/div>\n\t\t\t\t\n\t\t\t<\/div><div class=\"et_d4_element et_pb_section et_pb_section_2  et_pb_css_mix_blend_mode et_section_regular et_block_section\" >\n\t\t\t\t\n\t\t\t\t\n\t\t\t\t\n\t\t\t\t\n\t\t\t\t\n\t\t\t\t\n\t\t\t\t<div class=\"et_d4_element et_pb_row et_pb_row_1  et_pb_css_mix_blend_mode et_block_row\">\n\t\t\t\t<div class=\"et_d4_element et_pb_column_4_4 et_pb_column et_pb_column_3  et_pb_css_mix_blend_mode et-last-child et_block_column\">\n\t\t\t\t\n\t\t\t\t\n\t\t\t\t\n\t\t\t\t\n\t\t\t\t<div class=\"et_pb_module et_d4_element et_pb_blurb et_pb_blurb_2  et_pb_text_align_left  et_pb_blurb_position_top et_block_module et_pb_bg_layout_light\">\n\t\t\t\t\n\t\t\t\t\n\t\t\t\t\n\t\t\t\t\n\t\t\t\t<div class=\"et_pb_blurb_content\">\n\t\t\t\t\t\n\t\t\t\t\t<div class=\"et_pb_blurb_container\">\n\t\t\t\t\t\t<h4 class=\"et_pb_module_header\"><span>\/\/ SERVICES OEM ET MARQUE DE DISTRIBUTEUR<\/span><\/h4>\n\t\t\t\t\t\t<div class=\"et_pb_blurb_description\"><p>Pourquoi choisir notre partenariat OEM ?<\/p><\/div>\n\t\t\t\t\t<\/div>\n\t\t\t\t<\/div>\n\t\t\t<\/div><div class=\"et_pb_module et_d4_element et_pb_text et_pb_text_2  et_pb_text_align_left et_pb_bg_layout_light\">\n\t\t\t\t\n\t\t\t\t\n\t\t\t\t\n\t\t\t\t\n\t\t\t\t<div class=\"et_pb_text_inner\"><p>Collaborer avec nous, c'est b\u00e9n\u00e9ficier d'un service complet, de la recherche \u00e0 la certification :<\/p>\n<p><\/p>\n<p>Conformit\u00e9 totale \u00e0 l'IVDR : nous proposons des r\u00e9actifs d\u00e9velopp\u00e9s et fabriqu\u00e9s dans un cadre r\u00e9glementaire conforme aux normes ISO 13485 et IVDR. Cela r\u00e9duit consid\u00e9rablement les charges administratives et les d\u00e9lais de mise sur le march\u00e9 pour votre marque en Europe. <br \/>Qualit\u00e9 analytique garantie : nous transf\u00e9rons notre rigueur de production \u2014 bas\u00e9e sur de l'eau ultra-pure (&lt;0,2 \u03bcS\/cm) et des mati\u00e8res premi\u00e8res de qualit\u00e9 sup\u00e9rieure \u2014 afin de garantir l'excellente stabilit\u00e9 et la reproductibilit\u00e9 d'un lot \u00e0 l'autre que vos clients attendent. <br \/>Flexibilit\u00e9 des formats : nous d\u00e9veloppons et produisons des kits dans une large gamme de formats et de volumes. Nous pouvons adapter le remplissage et l'emballage afin de garantir une compatibilit\u00e9 optimale avec vos analyseurs de chimie clinique sp\u00e9cifiques (syst\u00e8mes ouverts et ferm\u00e9s). <br \/>Assistance technique et documentaire : notre \u00e9quipe scientifique vous aide \u00e0 harmoniser vos analyses et \u00e0 pr\u00e9parer la documentation technique n\u00e9cessaire (par exemple, fiches de s\u00e9curit\u00e9, modes d'emploi de marque priv\u00e9e et donn\u00e9es de validation des tests).<br \/>Priorit\u00e9 strat\u00e9gique \u00e0 la R&amp;D : nous concentrons nos efforts de recherche et d\u00e9veloppement sur les tests cl\u00e9s de chimie clinique. <\/p>\n<p>Collaborer avec nous, c'est b\u00e9n\u00e9ficier d'un service complet, de la recherche \u00e0 la certification :<\/p>\n<p><\/p>\n<p>Conformit\u00e9 totale \u00e0 l'IVDR : nous proposons des r\u00e9actifs d\u00e9velopp\u00e9s et fabriqu\u00e9s dans un cadre r\u00e9glementaire conforme aux normes ISO 13485 et IVDR. Cela r\u00e9duit consid\u00e9rablement les charges administratives et les d\u00e9lais de mise sur le march\u00e9 pour votre marque en Europe. <br \/>Qualit\u00e9 analytique garantie : nous transf\u00e9rons notre rigueur de production \u2014 bas\u00e9e sur de l'eau ultra-pure (&lt;0,2 \u03bcS\/cm) et des mati\u00e8res premi\u00e8res de qualit\u00e9 sup\u00e9rieure \u2014 afin de garantir l'excellente stabilit\u00e9 et la reproductibilit\u00e9 d'un lot \u00e0 l'autre que vos clients attendent. <br \/>Flexibilit\u00e9 des formats : nous d\u00e9veloppons et produisons des kits dans une large gamme de formats et de volumes. Nous pouvons adapter le remplissage et l'emballage afin de garantir une compatibilit\u00e9 optimale avec vos analyseurs de chimie clinique sp\u00e9cifiques (syst\u00e8mes ouverts et ferm\u00e9s). <br \/>Assistance technique et documentaire : notre \u00e9quipe scientifique vous aide \u00e0 harmoniser vos analyses et \u00e0 pr\u00e9parer la documentation technique n\u00e9cessaire (par exemple, fiches de s\u00e9curit\u00e9, modes d'emploi de marque priv\u00e9e et donn\u00e9es de validation des tests).<br \/>Priorit\u00e9 strat\u00e9gique \u00e0 la R&amp;D : nous concentrons nos efforts de recherche et d\u00e9veloppement sur les tests cl\u00e9s de chimie clinique.<\/div>\n\t\t\t<\/div>\n\t\t\t<\/div>\n\t\t\t\t\n\t\t\t\t\n\t\t\t\t\n\t\t\t\t\n\t\t\t<\/div>\n\t\t\t\t\n\t\t\t\t\n\t\t\t<\/div><\/p>\n","protected":false},"excerpt":{"rendered":"<p>Gesan propose un service OEM qui consiste \u00e0 fournir des r\u00e9actifs liquides adapt\u00e9s aux besoins des clients.<\/p>\n","protected":false},"author":1,"featured_media":102747,"parent":0,"menu_order":0,"comment_status":"closed","ping_status":"closed","template":"","meta":{"_et_pb_use_builder":"on","_et_pb_old_content":"","_et_gb_content_width":"","footnotes":""},"class_list":["post-102762","page","type-page","status-publish","has-post-thumbnail","hentry"],"_links":{"self":[{"href":"https:\/\/gesanproduction.it\/fr\/wp-json\/wp\/v2\/pages\/102762","targetHints":{"allow":["GET"]}}],"collection":[{"href":"https:\/\/gesanproduction.it\/fr\/wp-json\/wp\/v2\/pages"}],"about":[{"href":"https:\/\/gesanproduction.it\/fr\/wp-json\/wp\/v2\/types\/page"}],"author":[{"embeddable":true,"href":"https:\/\/gesanproduction.it\/fr\/wp-json\/wp\/v2\/users\/1"}],"replies":[{"embeddable":true,"href":"https:\/\/gesanproduction.it\/fr\/wp-json\/wp\/v2\/comments?post=102762"}],"version-history":[{"count":4,"href":"https:\/\/gesanproduction.it\/fr\/wp-json\/wp\/v2\/pages\/102762\/revisions"}],"predecessor-version":[{"id":103752,"href":"https:\/\/gesanproduction.it\/fr\/wp-json\/wp\/v2\/pages\/102762\/revisions\/103752"}],"wp:featuredmedia":[{"embeddable":true,"href":"https:\/\/gesanproduction.it\/fr\/wp-json\/wp\/v2\/media\/102747"}],"wp:attachment":[{"href":"https:\/\/gesanproduction.it\/fr\/wp-json\/wp\/v2\/media?parent=102762"}],"curies":[{"name":"wp","href":"https:\/\/api.w.org\/{rel}","templated":true}]}}