{"id":102996,"date":"2023-12-13T10:40:48","date_gmt":"2023-12-13T10:40:48","guid":{"rendered":"https:\/\/gesanproduction.it\/sostenibilidad\/"},"modified":"2024-10-17T13:11:37","modified_gmt":"2024-10-17T13:11:37","slug":"sostenibilidad","status":"publish","type":"page","link":"https:\/\/gesanproduction.it\/es\/sostenibilidad\/","title":{"rendered":"Sostenibilidad"},"content":{"rendered":"<p><div class=\"et_d4_element et_pb_section et_pb_section_0  et_pb_css_mix_blend_mode et_section_regular et_block_section\" >\n\t\t\t\t\n\t\t\t\t\n\t\t\t\t\n\t\t\t\t\n\t\t\t\t\n\t\t\t\t\n\t\t\t\t<div class=\"et_d4_element et_pb_row et_pb_row_0  et_pb_css_mix_blend_mode et_block_row\">\n\t\t\t\t<div class=\"et_d4_element et_pb_column_4_4 et_pb_column et_pb_column_0  et_pb_css_mix_blend_mode et-last-child et_block_column\">\n\t\t\t\t\n\t\t\t\t\n\t\t\t\t\n\t\t\t\t\n\t\t\t\t<div class=\"et_pb_module et_d4_element et_pb_blurb et_pb_blurb_0  et_pb_text_align_left  et_pb_blurb_position_top et_block_module et_pb_bg_layout_light\">\n\t\t\t\t\n\t\t\t\t\n\t\t\t\t\n\t\t\t\t\n\t\t\t\t<div class=\"et_pb_blurb_content\">\n\t\t\t\t\t\n\t\t\t\t\t<div class=\"et_pb_blurb_container\">\n\t\t\t\t\t\t<h4 class=\"et_pb_module_header\"><span> \/\/ SOSTENIBILIDAD<\/span><\/h4>\n\t\t\t\t\t\t<div class=\"et_pb_blurb_description\"><p>PROYECTO SMILING<\/p><\/div>\n\t\t\t\t\t<\/div>\n\t\t\t\t<\/div>\n\t\t\t<\/div><div class=\"et_pb_module et_d4_element et_pb_text et_pb_text_0  et_pb_text_align_left et_pb_bg_layout_light\">\n\t\t\t\t\n\t\t\t\t\n\t\t\t\t\n\t\t\t\t\n\t\t\t\t<div class=\"et_pb_text_inner\"><h3><strong>Investigaci\u00f3n e innovaci\u00f3n en Gesan Production con proyectos financiados por la Regi\u00f3n de Sicilia a trav\u00e9s del programa PO FEDER 2014-2020.<\/strong><\/h3>\n<p><strong><em>El Consejero Regional de Actividades Productivas Mimmo Turano, que visit\u00f3 nuestra planta de producci\u00f3n, tambi\u00e9n destac\u00f3 la importancia de la innovaci\u00f3n al servicio del bienestar de la comunidad.<\/em><\/strong><\/p>\n<p>La investigaci\u00f3n, la producci\u00f3n y la comercializaci\u00f3n son los puntos fuertes de nuestra empresa, y los proyectos Smiling y Gesanbiotecno son una excelente oportunidad para aprovechar al m\u00e1ximo el concepto de integraci\u00f3n entre el hombre, el medio ambiente y la tecnolog\u00eda.<\/p>\n<p>En Gesan, el departamento de Investigaci\u00f3n y Desarrollo es un activo fundamental para la actividad de la empresa, y todas las actividades est\u00e1n constantemente orientadas a la producci\u00f3n y distribuci\u00f3n de productos innovadores desde el punto de vista cl\u00ednico y de sostenibilidad medioambiental. Todos los procesos de producci\u00f3n de nuestra planta se centran en el ahorro de agua, el uso de fuentes renovables, la gesti\u00f3n adecuada de sustancias residuales y, en general, el respeto por el medio ambiente y los recursos naturales. <\/p>\n<p>A trav\u00e9s <span>del <\/span><a href=\"https:\/\/progettosmiling.it\/it\/\" rel=\"noopener\" target=\"_blank\">proyecto Smiling<\/a><span>, ser\u00e1<\/span> posible desarrollar una nueva formulaci\u00f3n para nutrac\u00e9uticos y cosm\u00e9ticos a partir del mosto y el aceite de pepitas de uva de uvas ecol\u00f3gicas aut\u00f3ctonas.<\/p>\n<p>En el proyecto Gesanbiotecno, por su parte, se crear\u00e1 un laboratorio biotecnol\u00f3gico \u00abinteligente\u00bb para el diagn\u00f3stico precoz innovador en oncolog\u00eda. La puesta en marcha y el buen funcionamiento del laboratorio se producir\u00e1n tras la ampliaci\u00f3n del edificio que la empresa ha acometido en los \u00faltimos meses. <\/p>\n<p>Gracias a ambos proyectos, ser\u00e1 posible renovar parte de la instrumentaci\u00f3n utilizada en nuestros laboratorios, integrar personal con competencias transversales e implantar sistemas de gran versatilidad.<\/p>\n<p>En Gesan Production estamos preparados para asumir estos nuevos retos y poner a prueba el potencial de la empresa abriendo nuevos caminos. Consideramos estas oportunidades como un fuerte est\u00edmulo para el crecimiento de la empresa, gracias tambi\u00e9n a la colaboraci\u00f3n con empresas e instituciones distintas de la nuestra, con vistas a integrar y compartir conocimientos t\u00e9cnicos. Desde un punto de vista estrictamente empresarial, los proyectos podr\u00edan conducirnos a un aumento de la competitividad de la empresa y a una potencial generaci\u00f3n de nuevos empleos. En el plano social, fomentar\u00e1n la producci\u00f3n, difusi\u00f3n y comercializaci\u00f3n de productos sanitarios y cosm\u00e9ticos de bajo impacto medioambiental y plenamente acordes con nuestro concepto de responsabilidad social corporativa.   <\/p>\n<p>M\u00e1s informaci\u00f3n <span>en<\/span> <a href=\"https:\/\/progettosmiling.it\/it\/\" rel=\"noopener\" target=\"_blank\">progettosmiling.it<\/a><\/p><\/div>\n\t\t\t<\/div>\n\t\t\t<\/div>\n\t\t\t\t\n\t\t\t\t\n\t\t\t\t\n\t\t\t\t\n\t\t\t<\/div>\n\t\t\t\t\n\t\t\t\t\n\t\t\t<\/div><div class=\"et_d4_element et_pb_section et_pb_section_1  et_pb_css_mix_blend_mode et_pb_fullwidth_section et_section_regular et_block_section\" >\n\t\t\t\t\n\t\t\t\t\n\t\t\t\t\n\t\t\t\t\n\t\t\t\t\n\t\t\t\t\n\t\t\t\t<div class=\"et_pb_module et_d4_element et_pb_fullwidth_image et_pb_fullwidth_image_0\">\n\t\t\t\t\n\t\t\t\t\n\t\t\t\t\n\t\t\t\t\n\t\t\t\t<img loading=\"lazy\" decoding=\"async\" width=\"1200\" height=\"675\" src=\"https:\/\/gesanproduction.it\/wp-content\/uploads\/2023\/12\/GESAN-SMILING.jpg\" alt=\"\" title=\"GESAN SMILING\" srcset=\"https:\/\/gesanproduction.it\/wp-content\/uploads\/2023\/12\/GESAN-SMILING.jpg 1200w, https:\/\/gesanproduction.it\/wp-content\/uploads\/2023\/12\/GESAN-SMILING-980x551.jpg 980w, https:\/\/gesanproduction.it\/wp-content\/uploads\/2023\/12\/GESAN-SMILING-480x270.jpg 480w\" sizes=\"(min-width: 0px) and (max-width: 480px) 480px, (min-width: 481px) and (max-width: 980px) 980px, (min-width: 981px) 1200px, 100vw\" class=\"wp-image-100697\">\n\t\t\t\n\t\t\t<\/div>\n\t\t\t\t\n\t\t\t\t\n\t\t\t<\/div><\/p>\n","protected":false},"excerpt":{"rendered":"<p>La investigaci\u00f3n, la producci\u00f3n y la comercializaci\u00f3n son los puntos fuertes de nuestra empresa, y los proyectos Smiling y Gesanbiotecno son una excelente oportunidad para aprovechar al m\u00e1ximo el concepto de integraci\u00f3n entre el hombre, el medio ambiente y la tecnolog\u00eda.<\/p>\n","protected":false},"author":1,"featured_media":102997,"parent":0,"menu_order":0,"comment_status":"closed","ping_status":"closed","template":"","meta":{"_et_pb_use_builder":"on","_et_pb_old_content":"","_et_gb_content_width":"","footnotes":""},"class_list":["post-102996","page","type-page","status-publish","has-post-thumbnail","hentry"],"_links":{"self":[{"href":"https:\/\/gesanproduction.it\/es\/wp-json\/wp\/v2\/pages\/102996","targetHints":{"allow":["GET"]}}],"collection":[{"href":"https:\/\/gesanproduction.it\/es\/wp-json\/wp\/v2\/pages"}],"about":[{"href":"https:\/\/gesanproduction.it\/es\/wp-json\/wp\/v2\/types\/page"}],"author":[{"embeddable":true,"href":"https:\/\/gesanproduction.it\/es\/wp-json\/wp\/v2\/users\/1"}],"replies":[{"embeddable":true,"href":"https:\/\/gesanproduction.it\/es\/wp-json\/wp\/v2\/comments?post=102996"}],"version-history":[{"count":5,"href":"https:\/\/gesanproduction.it\/es\/wp-json\/wp\/v2\/pages\/102996\/revisions"}],"predecessor-version":[{"id":103002,"href":"https:\/\/gesanproduction.it\/es\/wp-json\/wp\/v2\/pages\/102996\/revisions\/103002"}],"wp:featuredmedia":[{"embeddable":true,"href":"https:\/\/gesanproduction.it\/es\/wp-json\/wp\/v2\/media\/102997"}],"wp:attachment":[{"href":"https:\/\/gesanproduction.it\/es\/wp-json\/wp\/v2\/media?parent=102996"}],"curies":[{"name":"wp","href":"https:\/\/api.w.org\/{rel}","templated":true}]}}