{"id":102700,"date":"2024-01-23T16:19:38","date_gmt":"2024-01-23T16:19:38","guid":{"rendered":"https:\/\/gesanproduction.it\/instrumentacion-vet\/"},"modified":"2024-09-25T13:16:29","modified_gmt":"2024-09-25T13:16:29","slug":"instrumentacion-vet","status":"publish","type":"page","link":"https:\/\/gesanproduction.it\/es\/instrumentacion-vet\/","title":{"rendered":"Instrumentaci\u00f3n VET"},"content":{"rendered":"<p><div class=\"et_d4_element et_pb_section et_pb_section_0  et_pb_css_mix_blend_mode et_section_regular et_block_section\" >\n\t\t\t\t\n\t\t\t\t\n\t\t\t\t\n\t\t\t\t\n\t\t\t\t\n\t\t\t\t\n\t\t\t\t<div class=\"et_d4_element et_pb_row et_pb_row_0 et_pb_equal_columns et_pb_gutters3  et_pb_css_mix_blend_mode et_block_row\">\n\t\t\t\t<div class=\"et_d4_element et_pb_column_4_4 et_pb_column et_pb_column_0  et_pb_css_mix_blend_mode et-last-child et_block_column\">\n\t\t\t\t\n\t\t\t\t\n\t\t\t\t\n\t\t\t\t\n\t\t\t\t<div class=\"et_pb_module et_d4_element et_pb_text et_pb_text_0  et_pb_text_align_left et_pb_bg_layout_light\">\n\t\t\t\t\n\t\t\t\t\n\t\t\t\t\n\t\t\t\t\n\t\t\t\t<div class=\"et_pb_text_inner\"><h1 style=\"text-align: center;\">STRUMENTAZIONE VET<\/h1><\/div>\n\t\t\t<\/div><div class=\"et_pb_module et_d4_element et_pb_text et_pb_text_1  et_pb_text_align_left et_pb_bg_layout_light\">\n\t\t\t\t\n\t\t\t\t\n\t\t\t\t\n\t\t\t\t\n\t\t\t\t<div class=\"et_pb_text_inner\"><p style=\"text-align: center;\"><span>La l\u00ednea VET de Gesan Production ofrece analizadores veterinarios espec\u00edficos que se adaptan perfectamente a las necesidades de los distintos laboratorios. Tienen dimensiones, funciones y capacidades espec\u00edficas y, en algunos casos, incluso una l\u00ednea dedicada de reactivos para garantizar la m\u00e1xima eficiencia. <\/span><\/p><\/div>\n\t\t\t<\/div>\n\t\t\t<\/div>\n\t\t\t\t\n\t\t\t\t\n\t\t\t\t\n\t\t\t\t\n\t\t\t<\/div>\n\t\t\t\t\n\t\t\t\t\n\t\t\t<\/div><div class=\"et_d4_element et_pb_section et_pb_section_1 et_pb_equal_columns  et_pb_css_mix_blend_mode et_section_specialty et_block_section\" >\n\t\t\t\t\n\t\t\t\t\n\t\t\t\t\n\t\t\t\t\n\t\t\t\t\n\t\t\t\t<div class=\"et_pb_row et_block_row et_d4_element et_pb_gutters2\">\n\t\t\t\t<div class=\"et_d4_element et_pb_column_1_2 et_pb_column et_pb_column_1    et_pb_css_mix_blend_mode et_block_column\">\n\t\t\t\t\n\t\t\t\t\n\t\t\t\t\n\t\t\t\t\n\t\t\t\t<div class=\"et_pb_module et_d4_element et_pb_image et_pb_image_0 dct_img_ani\">\n\t\t\t\t\n\t\t\t\t\n\t\t\t\t\n\t\t\t\t\n\t\t\t\t<span class=\"et_pb_image_wrap has-box-shadow-overlay\"><div class=\"box-shadow-overlay\"><\/div><img loading=\"lazy\" decoding=\"async\" width=\"720\" height=\"725\" src=\"https:\/\/gesanproduction.it\/wp-content\/uploads\/2024\/01\/Piccolo-chem-VET.png\" alt=\"\" title=\"Piccolo chem VET\" srcset=\"https:\/\/gesanproduction.it\/wp-content\/uploads\/2024\/01\/Piccolo-chem-VET.png 720w, https:\/\/gesanproduction.it\/wp-content\/uploads\/2024\/01\/Piccolo-chem-VET-480x483.png 480w\" sizes=\"(min-width: 0px) and (max-width: 480px) 480px, (min-width: 481px) 720px, 100vw\" class=\"wp-image-102037\"><\/span>\n\t\t\t<\/div>\n\t\t\t<\/div><div class=\"et_d4_element et_pb_column_1_2 et_pb_column et_pb_column_2   et_pb_specialty_column  et_pb_css_mix_blend_mode et-last-child et_block_column\">\n\t\t\t\t\n\t\t\t\t\n\t\t\t\t\n\t\t\t\t\n\t\t\t\t<div class=\"et_d4_element et_pb_row_inner et_pb_row_inner_0  et_pb_css_mix_blend_mode et_block_row\">\n\t\t\t\t<div class=\"et_pb_column et_pb_column_4_4 et_d4_element et_pb_column_inner et_pb_column_inner_0  et_pb_css_mix_blend_mode et-last-child et_block_column\">\n\t\t\t\t\n\t\t\t\t\n\t\t\t\t\n\t\t\t\t\n\t\t\t\t<div class=\"et_pb_module et_d4_element et_pb_blurb et_pb_blurb_0  et_pb_text_align_left  et_pb_blurb_position_top et_block_module et_pb_bg_layout_light\">\n\t\t\t\t\n\t\t\t\t\n\t\t\t\t\n\t\t\t\t\n\t\t\t\t<div class=\"et_pb_blurb_content\">\n\t\t\t\t\t\n\t\t\t\t\t<div class=\"et_pb_blurb_container\">\n\t\t\t\t\t\t<h4 class=\"et_pb_module_header\"><span>FAMILY PRO<\/span><\/h4>\n\t\t\t\t\t\t<div class=\"et_pb_blurb_description\"><p>PICCOLO CHEM PRO VET<\/p><\/div>\n\t\t\t\t\t<\/div>\n\t\t\t\t<\/div>\n\t\t\t<\/div><div class=\"et_pb_module et_d4_element et_pb_text et_pb_text_2  et_pb_text_align_left et_pb_bg_layout_light\">\n\t\t\t\t\n\t\t\t\t\n\t\t\t\t\n\t\t\t\t\n\t\t\t\t<div class=\"et_pb_text_inner\"><p><span>El analizador m\u00e1s reciente de la familia de instrumentos Gesan s\u00f3lo pod\u00eda llamarse \u00abPiccolo\u00bb. Su peque\u00f1o tama\u00f1o esconde un instrumento con un gran potencial. La evoluci\u00f3n ha dado lugar a una interfaz de usuario con pantalla t\u00e1ctil y lector QR CODE integrados en el cuerpo del instrumento.  <\/span><\/p>\n<p><span>De hecho, el Piccolo Chem PRO VET es el analizador m\u00e1s peque\u00f1o de su clase, lo que garantiza los m\u00e1s altos niveles de operatividad. <\/span><\/p><\/div>\n\t\t\t<\/div><div class=\"et_pb_button_module_wrapper et_pb_button_0_wrapper  et_pb_module \">\n\t\t\t\t<a class=\"et_pb_button et_d4_element et_pb_button_0 et_pb_bg_layout_light et_block_module\" href=\"https:\/\/gesanproduction.it\/es\/piccolo-chem-pro-vet\/\" data-icon=\"\uf0c3\">SCHEDA<\/a>\n\t\t\t<\/div>\n\t\t\t<\/div>\n\t\t\t\t\n\t\t\t\t\n\t\t\t\t\n\t\t\t\t\n\t\t\t<\/div>\n\t\t\t<\/div>\n\t\t\t\t<\/div>\n\t\t\t\t\n\t\t\t<\/div><div class=\"et_d4_element et_pb_section et_pb_section_2  et_pb_css_mix_blend_mode et_section_regular et_block_section\" >\n\t\t\t\t\n\t\t\t\t\n\t\t\t\t\n\t\t\t\t\n\t\t\t\t\n\t\t\t\t\n\t\t\t\t<div class=\"et_d4_element et_pb_row et_pb_row_1  et_pb_css_mix_blend_mode et_block_row\">\n\t\t\t\t<div class=\"et_d4_element et_pb_column_1_2 et_pb_column et_pb_column_3  et_pb_css_mix_blend_mode et_block_column\">\n\t\t\t\t\n\t\t\t\t\n\t\t\t\t\n\t\t\t\t\n\t\t\t\t<div class=\"et_pb_module et_d4_element et_pb_blurb et_pb_blurb_1  et_pb_text_align_left  et_pb_blurb_position_top et_block_module et_pb_bg_layout_light\">\n\t\t\t\t\n\t\t\t\t\n\t\t\t\t\n\t\t\t\t\n\t\t\t\t<div class=\"et_pb_blurb_content\">\n\t\t\t\t\t\n\t\t\t\t\t<div class=\"et_pb_blurb_container\">\n\t\t\t\t\t\t<h4 class=\"et_pb_module_header\"><span>FAMILY PRO<\/span><\/h4>\n\t\t\t\t\t\t<div class=\"et_pb_blurb_description\"><p>CHEM 200 pro vet<\/p><\/div>\n\t\t\t\t\t<\/div>\n\t\t\t\t<\/div>\n\t\t\t<\/div><div class=\"et_pb_module et_d4_element et_pb_text et_pb_text_3  et_pb_text_align_left et_pb_bg_layout_light\">\n\t\t\t\t\n\t\t\t\t\n\t\t\t\t\n\t\t\t\t\n\t\t\t\t<div class=\"et_pb_text_inner\"><p><span>El Chem 200 PRO es un analizador f\u00e1cil de usar. El analizador Chem 200 PRO es la soluci\u00f3n perfecta para laboratorios de alta calidad.<\/span><br \/><span>El hardware y el software se han probado para reducir los costes de laboratorio y simplificar el flujo de trabajo.<\/span><br \/><span>El Chem 200 PRO es un analizador f\u00e1cil de usar.<\/span> <\/p><\/div>\n\t\t\t<\/div><div class=\"et_pb_button_module_wrapper et_pb_button_1_wrapper  et_pb_module \">\n\t\t\t\t<a class=\"et_pb_button et_d4_element et_pb_button_1 et_pb_bg_layout_light et_block_module\" href=\"https:\/\/gesanproduction.it\/es\/chem-200-pro-vet\/\" data-icon=\"\uf0c3\">SCHEDA<\/a>\n\t\t\t<\/div>\n\t\t\t<\/div><div class=\"et_d4_element et_pb_column_1_2 et_pb_column et_pb_column_4  et_pb_css_mix_blend_mode et-last-child et_block_column\">\n\t\t\t\t\n\t\t\t\t\n\t\t\t\t\n\t\t\t\t\n\t\t\t\t<div class=\"et_pb_module et_d4_element et_pb_image et_pb_image_1 dct_img_ani\">\n\t\t\t\t\n\t\t\t\t\n\t\t\t\t\n\t\t\t\t\n\t\t\t\t<span class=\"et_pb_image_wrap has-box-shadow-overlay\"><div class=\"box-shadow-overlay\"><\/div><img loading=\"lazy\" decoding=\"async\" width=\"1031\" height=\"844\" src=\"https:\/\/gesanproduction.it\/wp-content\/uploads\/2024\/01\/CHEM200-VET.png\" alt=\"\" title=\"CHEM200 VET\" srcset=\"https:\/\/gesanproduction.it\/wp-content\/uploads\/2024\/01\/CHEM200-VET.png 1031w, https:\/\/gesanproduction.it\/wp-content\/uploads\/2024\/01\/CHEM200-VET-980x802.png 980w, https:\/\/gesanproduction.it\/wp-content\/uploads\/2024\/01\/CHEM200-VET-480x393.png 480w\" sizes=\"(min-width: 0px) and (max-width: 480px) 480px, (min-width: 481px) and (max-width: 980px) 980px, (min-width: 981px) 1031px, 100vw\" class=\"wp-image-102039\"><\/span>\n\t\t\t<\/div>\n\t\t\t<\/div>\n\t\t\t\t\n\t\t\t\t\n\t\t\t\t\n\t\t\t\t\n\t\t\t<\/div>\n\t\t\t\t\n\t\t\t\t\n\t\t\t<\/div><div class=\"et_d4_element et_pb_section et_pb_section_3 et_pb_equal_columns  et_pb_css_mix_blend_mode et_section_specialty et_block_section\" >\n\t\t\t\t\n\t\t\t\t\n\t\t\t\t\n\t\t\t\t\n\t\t\t\t\n\t\t\t\t<div class=\"et_pb_row et_block_row et_d4_element et_pb_gutters2\">\n\t\t\t\t<div class=\"et_d4_element et_pb_column_1_2 et_pb_column et_pb_column_5    et_pb_css_mix_blend_mode et_block_column\">\n\t\t\t\t\n\t\t\t\t\n\t\t\t\t\n\t\t\t\t\n\t\t\t\t<div class=\"et_pb_module et_d4_element et_pb_image et_pb_image_2 dct_img_ani\">\n\t\t\t\t\n\t\t\t\t\n\t\t\t\t\n\t\t\t\t\n\t\t\t\t<span class=\"et_pb_image_wrap has-box-shadow-overlay\"><div class=\"box-shadow-overlay\"><\/div><img loading=\"lazy\" decoding=\"async\" width=\"648\" height=\"828\" src=\"https:\/\/gesanproduction.it\/wp-content\/uploads\/2024\/01\/GESAN-Hemovet-3.png\" alt=\"\" title=\"GESAN-Hemovet-3\" srcset=\"https:\/\/gesanproduction.it\/wp-content\/uploads\/2024\/01\/GESAN-Hemovet-3.png 648w, https:\/\/gesanproduction.it\/wp-content\/uploads\/2024\/01\/GESAN-Hemovet-3-480x613.png 480w\" sizes=\"(min-width: 0px) and (max-width: 480px) 480px, (min-width: 481px) 648px, 100vw\" class=\"wp-image-100862\"><\/span>\n\t\t\t<\/div>\n\t\t\t<\/div><div class=\"et_d4_element et_pb_column_1_2 et_pb_column et_pb_column_6   et_pb_specialty_column  et_pb_css_mix_blend_mode et-last-child et_block_column\">\n\t\t\t\t\n\t\t\t\t\n\t\t\t\t\n\t\t\t\t\n\t\t\t\t<div class=\"et_d4_element et_pb_row_inner et_pb_row_inner_1  et_pb_css_mix_blend_mode et_block_row\">\n\t\t\t\t<div class=\"et_pb_column et_pb_column_4_4 et_d4_element et_pb_column_inner et_pb_column_inner_1  et_pb_css_mix_blend_mode et-last-child et_block_column\">\n\t\t\t\t\n\t\t\t\t\n\t\t\t\t\n\t\t\t\t\n\t\t\t\t<div class=\"et_pb_module et_d4_element et_pb_blurb et_pb_blurb_2  et_pb_text_align_left  et_pb_blurb_position_top et_block_module et_pb_bg_layout_light\">\n\t\t\t\t\n\t\t\t\t\n\t\t\t\t\n\t\t\t\t\n\t\t\t\t<div class=\"et_pb_blurb_content\">\n\t\t\t\t\t\n\t\t\t\t\t<div class=\"et_pb_blurb_container\">\n\t\t\t\t\t\t<h4 class=\"et_pb_module_header\"><span> \/\/ vet<\/span><\/h4>\n\t\t\t\t\t\t<div class=\"et_pb_blurb_description\"><p>Hemovet 3diff<\/p><\/div>\n\t\t\t\t\t<\/div>\n\t\t\t\t<\/div>\n\t\t\t<\/div><div class=\"et_pb_module et_d4_element et_pb_text et_pb_text_4  et_pb_text_align_left et_pb_bg_layout_light\">\n\t\t\t\t\n\t\t\t\t\n\t\t\t\t\n\t\t\t\t\n\t\t\t\t<div class=\"et_pb_text_inner\"><p><span>El Hemovet 3diff es un analizador hematol\u00f3gico de 3 poblaciones con modos multi animal como perro, gato y conejo ya preinstalados, mientras que caballo, vaca y oveja son personalizables. Hemovet 3diff puede analizar hasta 60 muestras\/hora, incluidos par\u00e1metros, histograma e informaci\u00f3n del paciente. <\/span><\/p><\/div>\n\t\t\t<\/div><div class=\"et_pb_button_module_wrapper et_pb_button_2_wrapper  et_pb_module \">\n\t\t\t\t<a class=\"et_pb_button et_d4_element et_pb_button_2 et_pb_bg_layout_light et_block_module\" href=\"https:\/\/gesanproduction.it\/es\/hemovet-3diff\/\" data-icon=\"\uf0c3\">SCHEDA<\/a>\n\t\t\t<\/div>\n\t\t\t<\/div>\n\t\t\t\t\n\t\t\t\t\n\t\t\t\t\n\t\t\t\t\n\t\t\t<\/div>\n\t\t\t<\/div>\n\t\t\t\t<\/div>\n\t\t\t\t\n\t\t\t<\/div><div class=\"et_d4_element et_pb_section et_pb_section_4  et_pb_css_mix_blend_mode et_section_regular et_block_section\" >\n\t\t\t\t\n\t\t\t\t\n\t\t\t\t\n\t\t\t\t\n\t\t\t\t\n\t\t\t\t\n\t\t\t\t<div class=\"et_d4_element et_pb_row et_pb_row_2  et_pb_css_mix_blend_mode et_block_row\">\n\t\t\t\t<div class=\"et_d4_element et_pb_column_1_2 et_pb_column et_pb_column_7  et_pb_css_mix_blend_mode et_block_column\">\n\t\t\t\t\n\t\t\t\t\n\t\t\t\t\n\t\t\t\t\n\t\t\t\t<div class=\"et_pb_module et_d4_element et_pb_blurb et_pb_blurb_3  et_pb_text_align_left  et_pb_blurb_position_top et_block_module et_pb_bg_layout_light\">\n\t\t\t\t\n\t\t\t\t\n\t\t\t\t\n\t\t\t\t\n\t\t\t\t<div class=\"et_pb_blurb_content\">\n\t\t\t\t\t\n\t\t\t\t\t<div class=\"et_pb_blurb_container\">\n\t\t\t\t\t\t<h4 class=\"et_pb_module_header\"><span> \/\/ vet<\/span><\/h4>\n\t\t\t\t\t\t<div class=\"et_pb_blurb_description\"><p>Clot Vet<\/p><\/div>\n\t\t\t\t\t<\/div>\n\t\t\t\t<\/div>\n\t\t\t<\/div><div class=\"et_pb_module et_d4_element et_pb_text et_pb_text_5  et_pb_text_align_left et_pb_bg_layout_light\">\n\t\t\t\t\n\t\t\t\t\n\t\t\t\t\n\t\t\t\t\n\t\t\t\t<div class=\"et_pb_text_inner\"><p><span>El Clot Vet es un coagul\u00f3metro semiautom\u00e1tico con un alto potencial para uso veterinario. Puede analizar PT, A-PTT y fibrin\u00f3geno y, al estar equipado con una fuente de luz de tres longitudes de onda (460 nm, 510 nm y 630 nm), garantiza resultados precisos incluso en uso veterinario. <\/span><\/p><\/div>\n\t\t\t<\/div><div class=\"et_pb_button_module_wrapper et_pb_button_3_wrapper  et_pb_module \">\n\t\t\t\t<a class=\"et_pb_button et_d4_element et_pb_button_3 et_pb_bg_layout_light et_block_module\" href=\"https:\/\/gesanproduction.it\/es\/clot-vet\/\" data-icon=\"\uf0c3\">SCHEDA<\/a>\n\t\t\t<\/div>\n\t\t\t<\/div><div class=\"et_d4_element et_pb_column_1_2 et_pb_column et_pb_column_8  et_pb_css_mix_blend_mode et-last-child et_block_column\">\n\t\t\t\t\n\t\t\t\t\n\t\t\t\t\n\t\t\t\t\n\t\t\t\t<div class=\"et_pb_module et_d4_element et_pb_image et_pb_image_3 dct_img_ani\">\n\t\t\t\t\n\t\t\t\t\n\t\t\t\t\n\t\t\t\t\n\t\t\t\t<span class=\"et_pb_image_wrap has-box-shadow-overlay\"><div class=\"box-shadow-overlay\"><\/div><img loading=\"lazy\" decoding=\"async\" width=\"1200\" height=\"924\" src=\"https:\/\/gesanproduction.it\/wp-content\/uploads\/2024\/01\/GESAN-Clot-vet.jpg\" alt=\"\" title=\"GESAN-Clot-vet\" srcset=\"https:\/\/gesanproduction.it\/wp-content\/uploads\/2024\/01\/GESAN-Clot-vet.jpg 1200w, https:\/\/gesanproduction.it\/wp-content\/uploads\/2024\/01\/GESAN-Clot-vet-980x755.jpg 980w, https:\/\/gesanproduction.it\/wp-content\/uploads\/2024\/01\/GESAN-Clot-vet-480x370.jpg 480w\" sizes=\"(min-width: 0px) and (max-width: 480px) 480px, (min-width: 481px) and (max-width: 980px) 980px, (min-width: 981px) 1200px, 100vw\" class=\"wp-image-100870\"><\/span>\n\t\t\t<\/div>\n\t\t\t<\/div>\n\t\t\t\t\n\t\t\t\t\n\t\t\t\t\n\t\t\t\t\n\t\t\t<\/div>\n\t\t\t\t\n\t\t\t\t\n\t\t\t<\/div><div class=\"et_d4_element et_pb_section et_pb_section_5 et_pb_equal_columns  et_pb_css_mix_blend_mode et_section_specialty et_block_section\" >\n\t\t\t\t\n\t\t\t\t\n\t\t\t\t\n\t\t\t\t\n\t\t\t\t\n\t\t\t\t<div class=\"et_pb_row et_block_row et_d4_element et_pb_gutters2\">\n\t\t\t\t<div class=\"et_d4_element et_pb_column_1_2 et_pb_column et_pb_column_9    et_pb_css_mix_blend_mode et_block_column\">\n\t\t\t\t\n\t\t\t\t\n\t\t\t\t\n\t\t\t\t\n\t\t\t\t<div class=\"et_pb_module et_d4_element et_pb_image et_pb_image_4 dct_img_ani\">\n\t\t\t\t\n\t\t\t\t\n\t\t\t\t\n\t\t\t\t\n\t\t\t\t<span class=\"et_pb_image_wrap has-box-shadow-overlay\"><div class=\"box-shadow-overlay\"><\/div><img loading=\"lazy\" decoding=\"async\" width=\"912\" height=\"912\" src=\"https:\/\/gesanproduction.it\/wp-content\/uploads\/2024\/01\/Vet-5-diff.png\" alt=\"\" title=\"Vet-5-diff\" srcset=\"https:\/\/gesanproduction.it\/wp-content\/uploads\/2024\/01\/Vet-5-diff.png 912w, https:\/\/gesanproduction.it\/wp-content\/uploads\/2024\/01\/Vet-5-diff-480x480.png 480w\" sizes=\"(min-width: 0px) and (max-width: 480px) 480px, (min-width: 481px) 912px, 100vw\" class=\"wp-image-100880\"><\/span>\n\t\t\t<\/div>\n\t\t\t<\/div><div class=\"et_d4_element et_pb_column_1_2 et_pb_column et_pb_column_10   et_pb_specialty_column  et_pb_css_mix_blend_mode et-last-child et_block_column\">\n\t\t\t\t\n\t\t\t\t\n\t\t\t\t\n\t\t\t\t\n\t\t\t\t<div class=\"et_d4_element et_pb_row_inner et_pb_row_inner_2  et_pb_css_mix_blend_mode et_block_row\">\n\t\t\t\t<div class=\"et_pb_column et_pb_column_4_4 et_d4_element et_pb_column_inner et_pb_column_inner_2  et_pb_css_mix_blend_mode et-last-child et_block_column\">\n\t\t\t\t\n\t\t\t\t\n\t\t\t\t\n\t\t\t\t\n\t\t\t\t<div class=\"et_pb_module et_d4_element et_pb_blurb et_pb_blurb_4  et_pb_text_align_left  et_pb_blurb_position_top et_block_module et_pb_bg_layout_light\">\n\t\t\t\t\n\t\t\t\t\n\t\t\t\t\n\t\t\t\t\n\t\t\t\t<div class=\"et_pb_blurb_content\">\n\t\t\t\t\t\n\t\t\t\t\t<div class=\"et_pb_blurb_container\">\n\t\t\t\t\t\t<h4 class=\"et_pb_module_header\"><span> \/\/ vet<\/span><\/h4>\n\t\t\t\t\t\t<div class=\"et_pb_blurb_description\"><p>Hemovet 5diff<\/p><\/div>\n\t\t\t\t\t<\/div>\n\t\t\t\t<\/div>\n\t\t\t<\/div><div class=\"et_pb_module et_d4_element et_pb_text et_pb_text_6  et_pb_text_align_left et_pb_bg_layout_light\">\n\t\t\t\t\n\t\t\t\t\n\t\t\t\t\n\t\t\t\t\n\t\t\t\t<div class=\"et_pb_text_inner\"><p>El Hemovet 5diff es un analizador hematol\u00f3gico de sobremesa con diferenciaci\u00f3n en 5 partes, equipado con un l\u00e1ser de lectura y un programa veterinario espec\u00edfico que admite m\u00faltiples modos para animales.<\/p><\/div>\n\t\t\t<\/div><div class=\"et_pb_button_module_wrapper et_pb_button_4_wrapper  et_pb_module \">\n\t\t\t\t<a class=\"et_pb_button et_d4_element et_pb_button_4 et_pb_bg_layout_light et_block_module\" href=\"https:\/\/gesanproduction.it\/es\/hemovet-5diff\/\" data-icon=\"\uf0c3\">SCHEDA<\/a>\n\t\t\t<\/div>\n\t\t\t<\/div>\n\t\t\t\t\n\t\t\t\t\n\t\t\t\t\n\t\t\t\t\n\t\t\t<\/div>\n\t\t\t<\/div>\n\t\t\t\t<\/div>\n\t\t\t\t\n\t\t\t<\/div><\/p>\n","protected":false},"excerpt":{"rendered":"","protected":false},"author":1,"featured_media":102347,"parent":0,"menu_order":0,"comment_status":"closed","ping_status":"closed","template":"","meta":{"_et_pb_use_builder":"on","_et_pb_old_content":"","_et_gb_content_width":"","footnotes":""},"class_list":["post-102700","page","type-page","status-publish","has-post-thumbnail","hentry"],"_links":{"self":[{"href":"https:\/\/gesanproduction.it\/es\/wp-json\/wp\/v2\/pages\/102700","targetHints":{"allow":["GET"]}}],"collection":[{"href":"https:\/\/gesanproduction.it\/es\/wp-json\/wp\/v2\/pages"}],"about":[{"href":"https:\/\/gesanproduction.it\/es\/wp-json\/wp\/v2\/types\/page"}],"author":[{"embeddable":true,"href":"https:\/\/gesanproduction.it\/es\/wp-json\/wp\/v2\/users\/1"}],"replies":[{"embeddable":true,"href":"https:\/\/gesanproduction.it\/es\/wp-json\/wp\/v2\/comments?post=102700"}],"version-history":[{"count":5,"href":"https:\/\/gesanproduction.it\/es\/wp-json\/wp\/v2\/pages\/102700\/revisions"}],"predecessor-version":[{"id":102705,"href":"https:\/\/gesanproduction.it\/es\/wp-json\/wp\/v2\/pages\/102700\/revisions\/102705"}],"wp:featuredmedia":[{"embeddable":true,"href":"https:\/\/gesanproduction.it\/es\/wp-json\/wp\/v2\/media\/102347"}],"wp:attachment":[{"href":"https:\/\/gesanproduction.it\/es\/wp-json\/wp\/v2\/media?parent=102700"}],"curies":[{"name":"wp","href":"https:\/\/api.w.org\/{rel}","templated":true}]}}