{"id":102680,"date":"2024-01-25T17:14:40","date_gmt":"2024-01-25T17:14:40","guid":{"rendered":"https:\/\/gesanproduction.it\/piccolo-chem-pro-vet\/"},"modified":"2024-09-25T12:57:46","modified_gmt":"2024-09-25T12:57:46","slug":"piccolo-chem-pro-vet","status":"publish","type":"page","link":"https:\/\/gesanproduction.it\/es\/piccolo-chem-pro-vet\/","title":{"rendered":"Piccolo Chem PRO vet"},"content":{"rendered":"<p><div class=\"et_d4_element et_pb_section et_pb_section_0 et_pb_equal_columns  et_pb_css_mix_blend_mode et_section_specialty et_block_section\" >\n\t\t\t\t\n\t\t\t\t\n\t\t\t\t\n\t\t\t\t\n\t\t\t\t\n\t\t\t\t<div class=\"et_pb_row et_block_row et_d4_element et_pb_gutters2\">\n\t\t\t\t<div class=\"et_d4_element et_pb_column_1_2 et_pb_column et_pb_column_0    et_pb_css_mix_blend_mode et_block_column\">\n\t\t\t\t\n\t\t\t\t\n\t\t\t\t\n\t\t\t\t\n\t\t\t\t<div class=\"et_pb_module et_d4_element et_pb_image et_pb_image_0\">\n\t\t\t\t\n\t\t\t\t\n\t\t\t\t\n\t\t\t\t\n\t\t\t\t<span class=\"et_pb_image_wrap \"><img loading=\"lazy\" decoding=\"async\" width=\"720\" height=\"725\" src=\"https:\/\/gesanproduction.it\/wp-content\/uploads\/2024\/01\/Piccolo-chem-VET.png\" alt=\"\" title=\"Piccolo chem VET\" srcset=\"https:\/\/gesanproduction.it\/wp-content\/uploads\/2024\/01\/Piccolo-chem-VET.png 720w, https:\/\/gesanproduction.it\/wp-content\/uploads\/2024\/01\/Piccolo-chem-VET-480x483.png 480w\" sizes=\"(min-width: 0px) and (max-width: 480px) 480px, (min-width: 481px) 720px, 100vw\" class=\"wp-image-102037\"><\/span>\n\t\t\t<\/div>\n\t\t\t<\/div><div class=\"et_d4_element et_pb_column_1_2 et_pb_column et_pb_column_1   et_pb_specialty_column  et_pb_css_mix_blend_mode et-last-child et_block_column\">\n\t\t\t\t\n\t\t\t\t\n\t\t\t\t\n\t\t\t\t\n\t\t\t\t<div class=\"et_d4_element et_pb_row_inner et_pb_row_inner_0  et_pb_css_mix_blend_mode et_block_row\">\n\t\t\t\t<div class=\"et_pb_column et_pb_column_4_4 et_d4_element et_pb_column_inner et_pb_column_inner_0  et_pb_css_mix_blend_mode et-last-child et_block_column\">\n\t\t\t\t\n\t\t\t\t\n\t\t\t\t\n\t\t\t\t\n\t\t\t\t<div class=\"et_pb_module et_d4_element et_pb_blurb et_pb_blurb_0  et_pb_text_align_left  et_pb_blurb_position_top et_block_module et_pb_bg_layout_light\">\n\t\t\t\t\n\t\t\t\t\n\t\t\t\t\n\t\t\t\t\n\t\t\t\t<div class=\"et_pb_blurb_content\">\n\t\t\t\t\t\n\t\t\t\t\t<div class=\"et_pb_blurb_container\">\n\t\t\t\t\t\t<h4 class=\"et_pb_module_header\"><span> \/\/ vet<\/span><\/h4>\n\t\t\t\t\t\t<div class=\"et_pb_blurb_description\"><p>PICCOLO CHEM PRO VET<\/p><\/div>\n\t\t\t\t\t<\/div>\n\t\t\t\t<\/div>\n\t\t\t<\/div><div class=\"et_pb_module et_d4_element et_pb_text et_pb_text_0  et_pb_text_align_left et_pb_bg_layout_light\">\n\t\t\t\t\n\t\t\t\t\n\t\t\t\t\n\t\t\t\t\n\t\t\t\t<div class=\"et_pb_text_inner\"><p>El Piccolo Chem PRO tambi\u00e9n est\u00e1 disponible en una versi\u00f3n VET en combinaci\u00f3n con sus propios reactivos dedicados y con c\u00f3digo de barras. El analizador VET proporciona informes personalizables para cada especie animal, es f\u00e1cil de usar y permite la creaci\u00f3n de varios perfiles, como gen\u00e9rico, preoperatorio, postoperatorio, hep\u00e1tico, renal y metab\u00f3lico.<br \/>El control de diagn\u00f3stico remoto permite al personal de servicio resolver errores de forma r\u00e1pida y eficaz sin necesidad de una visita in situ.<\/p>\n<ul><\/ul><\/div>\n\t\t\t<\/div><div class=\"et_pb_button_module_wrapper et_pb_button_0_wrapper et_pb_button_alignment_left et_pb_module \">\n\t\t\t\t<a class=\"et_pb_button et_d4_element et_pb_button_0 et_pb_bg_layout_light et_block_module\" href=\"https:\/\/gesanproduction.it\/es\/veterinary-piccolo-chem-pro-vet\/\">DEDICATED REAGENTS<\/a>\n\t\t\t<\/div>\n\t\t\t<\/div>\n\t\t\t\t\n\t\t\t\t\n\t\t\t\t\n\t\t\t\t\n\t\t\t<\/div>\n\t\t\t<\/div>\n\t\t\t\t<\/div>\n\t\t\t\t\n\t\t\t<\/div><div class=\"et_d4_element et_pb_section et_pb_section_1  et_pb_css_mix_blend_mode et_section_regular et_block_section\" >\n\t\t\t\t\n\t\t\t\t\n\t\t\t\t\n\t\t\t\t\n\t\t\t\t\n\t\t\t\t\n\t\t\t\t<div class=\"et_d4_element et_pb_row et_pb_row_0  et_pb_css_mix_blend_mode et_block_row\">\n\t\t\t\t<div class=\"et_d4_element et_pb_column_4_4 et_pb_column et_pb_column_2  et_pb_css_mix_blend_mode et-last-child et_block_column\">\n\t\t\t\t\n\t\t\t\t\n\t\t\t\t\n\t\t\t\t\n\t\t\t\t<div class=\"et_pb_module et_d4_element et_pb_cta_0 et_pb_promo  et_pb_text_align_left et_pb_bg_layout_dark et_pb_no_bg\">\n\t\t\t\t\n\t\t\t\t\n\t\t\t\t\n\t\t\t\t\n\t\t\t\t<div class=\"et_pb_promo_description\"><h2 class=\"et_pb_module_header\">GR\u00c1FICO T\u00c9CNICO<\/h2><\/div>\n\t\t\t\t\n\t\t\t<\/div><div class=\"et_pb_module et_d4_element et_pb_cta_1 et_pb_promo  et_pb_text_align_left et_pb_bg_layout_dark et_pb_no_bg\">\n\t\t\t\t\n\t\t\t\t\n\t\t\t\t\n\t\t\t\t\n\t\t\t\t<div class=\"et_pb_promo_description\"><div><p><strong>OPERATION<\/strong><\/p>\n<p>Clinical chemistry and turbidimetry<\/p>\n<p>Random access, STAT<\/p>\n<p>Open channels with barcode bottles<\/p>\n<p>Up to 150 tests \/ hour<\/p>\n<p>Automatic startup<\/p>\n<p><strong>SAMPLES TRAY<\/strong><\/p>\n<p>Removable tray,10 numbered positions, tubes of 12 - 13 mm, 5 - 7 mL \/ cups of 1 mL (cups require a metal adapter for level detection) Optional configuration: 10 reagent positions and<\/p>\n<p>20 sample positions<\/p>\n<p><strong>DEDICATED BARCODED REAGENTS<\/strong><\/p>\n<p>- Ready to use<\/p>\n<p>- 20 reagent positions<\/p>\n<p><strong>EXCELLENT USER INTERFACE<\/strong><\/p>\n<p>- Automatic check of reagents, expiry dates, calibration, maintenance, controls<\/p>\n<p>- Test inspection for reaction check and test details<\/p>\n<p>- Fully automated maintenance procedure<\/p>\n<p>- Touch screen technology<\/p>\n<p>- Intuitive software on Windows Net-Framework bases<\/p>\n<p>- Online remote support<\/p><\/div><\/div>\n\t\t\t\t\n\t\t\t<\/div>\n\t\t\t<\/div>\n\t\t\t\t\n\t\t\t\t\n\t\t\t\t\n\t\t\t\t\n\t\t\t<\/div>\n\t\t\t\t\n\t\t\t\t\n\t\t\t<\/div><\/p>\n","protected":false},"excerpt":{"rendered":"<p>El Piccolo Chem PRO tambi\u00e9n est\u00e1 disponible en una versi\u00f3n VET en combinaci\u00f3n con sus propios reactivos dedicados y con c\u00f3digo de barras. El analizador VET proporciona informes personalizables para cada especie animal, es f\u00e1cil de usar y permite la creaci\u00f3n de varios perfiles, como gen\u00e9rico, preoperatorio, postoperatorio, hep\u00e1tico, renal y metab\u00f3lico.<\/p>\n","protected":false},"author":1,"featured_media":102584,"parent":0,"menu_order":0,"comment_status":"closed","ping_status":"closed","template":"","meta":{"_et_pb_use_builder":"on","_et_pb_old_content":"","_et_gb_content_width":"","footnotes":""},"class_list":["post-102680","page","type-page","status-publish","has-post-thumbnail","hentry"],"_links":{"self":[{"href":"https:\/\/gesanproduction.it\/es\/wp-json\/wp\/v2\/pages\/102680","targetHints":{"allow":["GET"]}}],"collection":[{"href":"https:\/\/gesanproduction.it\/es\/wp-json\/wp\/v2\/pages"}],"about":[{"href":"https:\/\/gesanproduction.it\/es\/wp-json\/wp\/v2\/types\/page"}],"author":[{"embeddable":true,"href":"https:\/\/gesanproduction.it\/es\/wp-json\/wp\/v2\/users\/1"}],"replies":[{"embeddable":true,"href":"https:\/\/gesanproduction.it\/es\/wp-json\/wp\/v2\/comments?post=102680"}],"version-history":[{"count":5,"href":"https:\/\/gesanproduction.it\/es\/wp-json\/wp\/v2\/pages\/102680\/revisions"}],"predecessor-version":[{"id":102685,"href":"https:\/\/gesanproduction.it\/es\/wp-json\/wp\/v2\/pages\/102680\/revisions\/102685"}],"wp:featuredmedia":[{"embeddable":true,"href":"https:\/\/gesanproduction.it\/es\/wp-json\/wp\/v2\/media\/102584"}],"wp:attachment":[{"href":"https:\/\/gesanproduction.it\/es\/wp-json\/wp\/v2\/media?parent=102680"}],"curies":[{"name":"wp","href":"https:\/\/api.w.org\/{rel}","templated":true}]}}