{"id":102668,"date":"2023-11-17T10:20:48","date_gmt":"2023-11-17T10:20:48","guid":{"rendered":"https:\/\/gesanproduction.it\/oem\/"},"modified":"2025-12-18T16:52:21","modified_gmt":"2025-12-18T16:52:21","slug":"oem","status":"publish","type":"page","link":"https:\/\/gesanproduction.it\/es\/oem\/","title":{"rendered":"OEM"},"content":{"rendered":"<p><div class=\"et_d4_element et_pb_section et_pb_section_0  et_pb_css_mix_blend_mode et_section_regular et_block_section\" >\n\t\t\t\t\n\t\t\t\t\n\t\t\t\t\n\t\t\t\t\n\t\t\t\t\n\t\t\t\t\n\t\t\t\t<div class=\"et_d4_element et_pb_row et_pb_row_0  et_pb_css_mix_blend_mode et_block_row\">\n\t\t\t\t<div class=\"et_d4_element et_pb_column_4_4 et_pb_column et_pb_column_0  et_pb_css_mix_blend_mode et-last-child et_block_column\">\n\t\t\t\t\n\t\t\t\t\n\t\t\t\t\n\t\t\t\t\n\t\t\t\t<div class=\"et_pb_module et_d4_element et_pb_blurb et_pb_blurb_0  et_pb_text_align_left  et_pb_blurb_position_top et_block_module et_pb_bg_layout_light\">\n\t\t\t\t\n\t\t\t\t\n\t\t\t\t\n\t\t\t\t\n\t\t\t\t<div class=\"et_pb_blurb_content\">\n\t\t\t\t\t\n\t\t\t\t\t<div class=\"et_pb_blurb_container\">\n\t\t\t\t\t\t<h4 class=\"et_pb_module_header\"><span> \/\/ SERVICIOS<\/span><\/h4>\n\t\t\t\t\t\t<div class=\"et_pb_blurb_description\"><p><strong><span>catalogo completo di reagenti <\/span><\/strong>OEM<\/p><\/div>\n\t\t\t\t\t<\/div>\n\t\t\t\t<\/div>\n\t\t\t<\/div><div class=\"et_pb_module et_d4_element et_pb_text et_pb_text_0  et_pb_text_align_left et_pb_bg_layout_light\">\n\t\t\t\t\n\t\t\t\t\n\t\t\t\t\n\t\t\t\t\n\t\t\t\t<div class=\"et_pb_text_inner\"><p>Somos el socio de confianza de los laboratorios cl\u00ednicos, ya que ofrecemos un cat\u00e1logo completo de reactivos y kits para qu\u00edmica cl\u00ednica. Nuestra gama est\u00e1 dise\u00f1ada para garantizar la fiabilidad y la eficiencia anal\u00edtica necesarias para un flujo de trabajo diagn\u00f3stico r\u00e1pido y unas decisiones cl\u00ednicas precisas. Ofrecemos una gama completa y flexible para cubrir todas las necesidades del laboratorio. Nuestras soluciones incluyen pruebas para las siguientes \u00e1reas de investigaci\u00f3n: <\/p>\n<p><\/p>\n<ul>\n<li>Funci\u00f3n hep\u00e1tica y renal<\/li>\n<li>Metabolismo y sustratos<\/li>\n<li>Electrolitos y minerales<\/li>\n<li>Prote\u00ednas espec\u00edficas<\/li>\n<li>Enzimolog\u00eda<\/li>\n<\/ul>\n<p><\/p>\n<p>&nbsp;<\/p>\n<p><\/p>\n<p>Nuestros reactivos est\u00e1n formulados para optimizar el rendimiento de los analizadores en uso, garantizando resultados de alta calidad:<\/p>\n<p><\/p>\n<ul>\n<li>Alta estabilidad: reactivos con una larga vida \u00fatil y una estabilidad prolongada a bordo, lo que reduce el desperdicio y optimiza los costes de gesti\u00f3n.<\/li>\n<li>Precisi\u00f3n y sensibilidad: datos de rendimiento anal\u00edtico que demuestran una linealidad ampliada y un l\u00edmite de detecci\u00f3n bajo, esenciales para el diagn\u00f3stico precoz y la monitorizaci\u00f3n.<\/li>\n<li>Compatibilidad universal: nuestras soluciones est\u00e1n optimizadas para su uso en una amplia gama de analizadores de qu\u00edmica cl\u00ednica, lo que ofrece flexibilidad de aplicaci\u00f3n tanto en sistemas abiertos como dedicados.<\/li>\n<li>Formato optimizado: envase dise\u00f1ado para adaptarse perfectamente a las especificaciones de su flujo de trabajo y a los vol\u00famenes de pruebas requeridos.<\/li>\n<\/ul>\n<p><\/p>\n<p>&nbsp;<\/p><\/div>\n\t\t\t<\/div>\n\t\t\t<\/div>\n\t\t\t\t\n\t\t\t\t\n\t\t\t\t\n\t\t\t\t\n\t\t\t<\/div>\n\t\t\t\t\n\t\t\t\t\n\t\t\t<\/div><div class=\"et_d4_element et_pb_section et_pb_section_1 et_pb_equal_columns  et_pb_css_mix_blend_mode et_section_specialty et_block_section\" >\n\t\t\t\t\n\t\t\t\t\n\t\t\t\t\n\t\t\t\t\n\t\t\t\t\n\t\t\t\t<div class=\"et_pb_row et_block_row et_d4_element et_pb_gutters2\">\n\t\t\t\t<div class=\"et_d4_element et_pb_column_1_2 et_pb_column et_pb_column_1    et_pb_css_mix_blend_mode et_block_column\">\n\t\t\t\t\n\t\t\t\t\n\t\t\t\t\n\t\t\t\t\n\t\t\t\t<div class=\"et_pb_module et_d4_element et_pb_image et_pb_image_0 dct_img_ani\">\n\t\t\t\t\n\t\t\t\t\n\t\t\t\t\n\t\t\t\t\n\t\t\t\t<span class=\"et_pb_image_wrap has-box-shadow-overlay\"><div class=\"box-shadow-overlay\"><\/div><img loading=\"lazy\" decoding=\"async\" width=\"1080\" height=\"1080\" src=\"https:\/\/gesanproduction.it\/wp-content\/uploads\/2025\/10\/oem-gesan.jpg\" alt=\"\" title=\"NUOVO Gesan production (1080 x 1350 px) - 25\" srcset=\"https:\/\/gesanproduction.it\/wp-content\/uploads\/2025\/10\/oem-gesan.jpg 1080w, https:\/\/gesanproduction.it\/wp-content\/uploads\/2025\/10\/oem-gesan-980x980.jpg 980w, https:\/\/gesanproduction.it\/wp-content\/uploads\/2025\/10\/oem-gesan-480x480.jpg 480w\" sizes=\"(min-width: 0px) and (max-width: 480px) 480px, (min-width: 481px) and (max-width: 980px) 980px, (min-width: 981px) 1080px, 100vw\" class=\"wp-image-103549\"><\/span>\n\t\t\t<\/div>\n\t\t\t<\/div><div class=\"et_d4_element et_pb_column_1_2 et_pb_column et_pb_column_2   et_pb_specialty_column  et_pb_css_mix_blend_mode et-last-child et_block_column\">\n\t\t\t\t\n\t\t\t\t\n\t\t\t\t\n\t\t\t\t\n\t\t\t\t<div class=\"et_d4_element et_pb_row_inner et_pb_row_inner_0  et_pb_css_mix_blend_mode et_block_row\">\n\t\t\t\t<div class=\"et_pb_column et_pb_column_4_4 et_d4_element et_pb_column_inner et_pb_column_inner_0  et_pb_css_mix_blend_mode et-last-child et_block_column\">\n\t\t\t\t\n\t\t\t\t\n\t\t\t\t\n\t\t\t\t\n\t\t\t\t<div class=\"et_pb_module et_d4_element et_pb_blurb et_pb_blurb_1  et_pb_text_align_left  et_pb_blurb_position_top et_block_module et_pb_bg_layout_light\">\n\t\t\t\t\n\t\t\t\t\n\t\t\t\t\n\t\t\t\t\n\t\t\t\t<div class=\"et_pb_blurb_content\">\n\t\t\t\t\t\n\t\t\t\t\t<div class=\"et_pb_blurb_container\">\n\t\t\t\t\t\t<h4 class=\"et_pb_module_header\"><span> \/\/ SERVICIOS OEM Y MARCA PRIVADA<\/span><\/h4>\n\t\t\t\t\t\t<div class=\"et_pb_blurb_description\"><p>SU QU\u00cdMICA CL\u00cdNICA, NUESTRA CALIDAD<\/p><\/div>\n\t\t\t\t\t<\/div>\n\t\t\t\t<\/div>\n\t\t\t<\/div><div class=\"et_pb_module et_d4_element et_pb_text et_pb_text_1  et_pb_text_align_left et_pb_bg_layout_light\">\n\t\t\t\t\n\t\t\t\t\n\t\t\t\t\n\t\t\t\t\n\t\t\t\t<div class=\"et_pb_text_inner\"><p>Ponemos a disposici\u00f3n de distribuidores, empresas de diagn\u00f3stico y fabricantes de analizadores nuestra experiencia como fabricantes especializados en reactivos para qu\u00edmica cl\u00ednica. A trav\u00e9s de nuestros servicios OEM (fabricante de equipos originales) y de marca privada, puede ampliar su cartera de productos con soluciones IVD de alta calidad, respaldadas por nuestro rigor en la producci\u00f3n y el pleno cumplimiento normativo.<\/p>\n<p><\/p>\n<p>&nbsp;<\/p><\/div>\n\t\t\t<\/div>\n\t\t\t<\/div>\n\t\t\t\t\n\t\t\t\t\n\t\t\t\t\n\t\t\t\t\n\t\t\t<\/div>\n\t\t\t<\/div>\n\t\t\t\t<\/div>\n\t\t\t\t\n\t\t\t<\/div><div class=\"et_d4_element et_pb_section et_pb_section_2  et_pb_css_mix_blend_mode et_section_regular et_block_section\" >\n\t\t\t\t\n\t\t\t\t\n\t\t\t\t\n\t\t\t\t\n\t\t\t\t\n\t\t\t\t\n\t\t\t\t<div class=\"et_d4_element et_pb_row et_pb_row_1  et_pb_css_mix_blend_mode et_block_row\">\n\t\t\t\t<div class=\"et_d4_element et_pb_column_4_4 et_pb_column et_pb_column_3  et_pb_css_mix_blend_mode et-last-child et_block_column\">\n\t\t\t\t\n\t\t\t\t\n\t\t\t\t\n\t\t\t\t\n\t\t\t\t<div class=\"et_pb_module et_d4_element et_pb_blurb et_pb_blurb_2  et_pb_text_align_left  et_pb_blurb_position_top et_block_module et_pb_bg_layout_light\">\n\t\t\t\t\n\t\t\t\t\n\t\t\t\t\n\t\t\t\t\n\t\t\t\t<div class=\"et_pb_blurb_content\">\n\t\t\t\t\t\n\t\t\t\t\t<div class=\"et_pb_blurb_container\">\n\t\t\t\t\t\t<h4 class=\"et_pb_module_header\"><span> \/\/ SERVICIOS OEM Y MARCA PRIVADA<\/span><\/h4>\n\t\t\t\t\t\t<div class=\"et_pb_blurb_description\"><p>\u00bfPor qu\u00e9 elegir nuestra asociaci\u00f3n OEM?<\/p><\/div>\n\t\t\t\t\t<\/div>\n\t\t\t\t<\/div>\n\t\t\t<\/div><div class=\"et_pb_module et_d4_element et_pb_text et_pb_text_2  et_pb_text_align_left et_pb_bg_layout_light\">\n\t\t\t\t\n\t\t\t\t\n\t\t\t\t\n\t\t\t\t\n\t\t\t\t<div class=\"et_pb_text_inner\"><p>Colaborar con nosotros significa beneficiarse de un servicio completo, desde la investigaci\u00f3n hasta la certificaci\u00f3n:<\/p>\n<p><\/p>\n<p>Plena conformidad con la IVDR: ofrecemos reactivos desarrollados y producidos en un contexto normativo conforme con la ISO 13485 y la IVDR. Esto reduce significativamente las cargas burocr\u00e1ticas y los plazos de comercializaci\u00f3n de su marca en Europa. <br \/>Calidad anal\u00edtica garantizada: trasladamos nuestro rigor productivo, basado en agua ultrapura (<0,2 \u03bcS\/cm) y materias primas de grado superior, para garantizar la excelente estabilidad y reproducibilidad lote a lote que esperan sus clientes. <br \/>Flexibilidad de formatos: Desarrollamos y producimos kits en una amplia gama de formatos y vol\u00famenes. Podemos adaptar el llenado y el envasado para garantizar una compatibilidad \u00f3ptima con sus analizadores de qu\u00edmica cl\u00ednica espec\u00edficos (sistemas abiertos y cerrados). <br \/>Asistencia t\u00e9cnica y documental: nuestro equipo cient\u00edfico le ayuda en la armonizaci\u00f3n anal\u00edtica y en la preparaci\u00f3n de la documentaci\u00f3n t\u00e9cnica necesaria (por ejemplo, fichas de seguridad, instrucciones de uso de marca privada y datos de validaci\u00f3n de ensayos).<br \/>Enfoque estrat\u00e9gico de I+D: centramos nuestra investigaci\u00f3n y desarrollo en las pruebas clave de qu\u00edmica cl\u00ednica. Esto le permite acceder a productos innovadores sin tener que asumir internamente los costes y riesgos de la I+D.<\/p>\n<p>Nuestro enfoque es transparente y orientado a la rapidez:<\/p>\n<p>An\u00e1lisis de necesidades: definici\u00f3n del men\u00fa de pruebas de qu\u00edmica cl\u00ednica requerido y de las especificaciones de formato\/envasado.<\/p>\n<li>Desarrollo y validaci\u00f3n: personalizaci\u00f3n y cambio de marca de los reactivos existentes, incluida la verificaci\u00f3n de la compatibilidad con los analizadores del socio (si es necesario).<\/li>\n<li>Producci\u00f3n y control de calidad: producci\u00f3n del lote bajo nuestro sistema de calidad certificado, con rigurosos controles en l\u00ednea y trazabilidad completa.<\/li>\n<li>Entrega y asistencia: suministro de productos acabados con etiquetado de marca privada y asistencia posventa continua.<\/li>\n<\/ul>\n<p>Elegirnos como socio OEM significa adquirir una ventaja competitiva en el mercado del diagn\u00f3stico, garantizando a su marca un producto acabado de probada excelencia y conformidad normativa.<\/p><\/div>\n\t\t\t<\/div>\n\t\t\t<\/div>\n\t\t\t\t\n\t\t\t\t\n\t\t\t\t\n\t\t\t\t\n\t\t\t<\/div>\n\t\t\t\t\n\t\t\t\t\n\t\t\t<\/div><\/p>\n","protected":false},"excerpt":{"rendered":"<p>Gesan ofrece un servicio OEM, proporcionando reactivos l\u00edquidos adaptados a las necesidades del cliente.<\/p>\n","protected":false},"author":1,"featured_media":102534,"parent":0,"menu_order":0,"comment_status":"closed","ping_status":"closed","template":"","meta":{"_et_pb_use_builder":"on","_et_pb_old_content":"","_et_gb_content_width":"","footnotes":""},"class_list":["post-102668","page","type-page","status-publish","has-post-thumbnail","hentry"],"_links":{"self":[{"href":"https:\/\/gesanproduction.it\/es\/wp-json\/wp\/v2\/pages\/102668","targetHints":{"allow":["GET"]}}],"collection":[{"href":"https:\/\/gesanproduction.it\/es\/wp-json\/wp\/v2\/pages"}],"about":[{"href":"https:\/\/gesanproduction.it\/es\/wp-json\/wp\/v2\/types\/page"}],"author":[{"embeddable":true,"href":"https:\/\/gesanproduction.it\/es\/wp-json\/wp\/v2\/users\/1"}],"replies":[{"embeddable":true,"href":"https:\/\/gesanproduction.it\/es\/wp-json\/wp\/v2\/comments?post=102668"}],"version-history":[{"count":7,"href":"https:\/\/gesanproduction.it\/es\/wp-json\/wp\/v2\/pages\/102668\/revisions"}],"predecessor-version":[{"id":103769,"href":"https:\/\/gesanproduction.it\/es\/wp-json\/wp\/v2\/pages\/102668\/revisions\/103769"}],"wp:featuredmedia":[{"embeddable":true,"href":"https:\/\/gesanproduction.it\/es\/wp-json\/wp\/v2\/media\/102534"}],"wp:attachment":[{"href":"https:\/\/gesanproduction.it\/es\/wp-json\/wp\/v2\/media?parent=102668"}],"curies":[{"name":"wp","href":"https:\/\/api.w.org\/{rel}","templated":true}]}}